{"id":10960,"date":"2024-09-09T10:00:25","date_gmt":"2024-09-09T08:00:25","guid":{"rendered":"https:\/\/lecasierfrancais.fr\/?page_id=10960"},"modified":"2024-12-02T11:44:55","modified_gmt":"2024-12-02T10:44:55","slug":"nos-solutions-modulables","status":"publish","type":"page","link":"https:\/\/lecasierfrancais.es\/index.php\/nos-solutions-modulables\/","title":{"rendered":"Produits &#038; services"},"content":{"rendered":"[vc_row type=\u00a0\u00bbfull_width_background\u00a0\u00bb full_screen_row_position=\u00a0\u00bbmiddle\u00a0\u00bb bg_color=\u00a0\u00bb#29235c\u00a0\u00bb scene_position=\u00a0\u00bbcenter\u00a0\u00bb text_color=\u00a0\u00bbdark\u00a0\u00bb text_align=\u00a0\u00bbleft\u00a0\u00bb overlay_strength=\u00a0\u00bb0.3&Prime; shape_divider_position=\u00a0\u00bbbottom\u00a0\u00bb shape_type=\u00a0\u00bb\u00a0\u00bb][vc_column column_padding=\u00a0\u00bbno-extra-padding\u00a0\u00bb column_padding_position=\u00a0\u00bball\u00a0\u00bb background_color_opacity=\u00a0\u00bb1&Prime; background_hover_color_opacity=\u00a0\u00bb1&Prime; column_shadow=\u00a0\u00bbnone\u00a0\u00bb column_border_radius=\u00a0\u00bbnone\u00a0\u00bb width=\u00a0\u00bb1\/1&Prime; tablet_text_alignment=\u00a0\u00bbdefault\u00a0\u00bb phone_text_alignment=\u00a0\u00bbdefault\u00a0\u00bb column_border_width=\u00a0\u00bbnone\u00a0\u00bb column_border_style=\u00a0\u00bbsolid\u00a0\u00bb][vc_column_text]<style id=\"depicter-197-inline-pre-css\">\n\n.depicter-197:not(.depicter-ready){\n\theight:700px;\n}\n\n\/***** Tablet *****\/\n@media screen and (max-width: 1024px){\n\n.depicter-197:not(.depicter-ready){\n\theight:700px;\n}\n\n}\n\/***** Mobile *****\/\n@media screen and (max-width: 767px){\n\n.depicter-197:not(.depicter-ready){\n\theight:700px;\n}\n\n}\n<\/style>\n<div id=\"depicter-197\" class=\"depicter depicter-document depicter-revert depicter-197 depicter-layout-fullwidth depicter-hide-on-mobile\">\n\n<div class=\"depicter-loading-container depicter-loading depicter-loading-none\"><\/div>\n<div id=\"depicter-197-section-1\" class=\"depicter-section depicter-197-section-1\" data-name=\"Accueil\" data-type=\"section\" data-local-id=\"section-1\">\n<picture id=\"depicter-197-element-202\" class=\"depicter-element depicter-layer depicter-197-element-202\" data-type=\"image\" data-wrap=\"true\" data-name=\"Image 2\" data-local-id=\"element-202\" data-offset=\"x:0px;y:0px;origin:tl\" data-width=\"1900px,,\" data-height=\"703px,,\" data-responsive-scale=\"true,,\" data-crop=\"false\">\n<source data-depicter-srcset=\"https:\/\/lecasierfrancais.es\/wp-content\/uploads\/2024\/09\/Bureaux_Modulaire-1900x703.jpg, https:\/\/lecasierfrancais.es\/wp-content\/uploads\/2024\/09\/Bureaux_Modulaire-3800x1406.jpg 2x\" srcset=\"data:image\/gif;base64,R0lGODlhAQABAIAAAAAAAP\/\/\/yH5BAEAAAAALAAAAAABAAEAAAIBRAA7\" \/>\n<img decoding=\"async\" src=\"data:image\/gif;base64,R0lGODlhAQABAIAAAAAAAP\/\/\/yH5BAEAAAAALAAAAAABAAEAAAIBRAA7\" data-depicter-src=\"https:\/\/lecasierfrancais.es\/wp-content\/uploads\/2024\/09\/Bureaux_Modulaire-1900x703.jpg\" alt=\"Un b\u00e2timent en bois abrite un distributeur automatique Le Casier Fran\u00e7ais en pleine nature\" \/>\n<\/picture>\n<h2 id=\"depicter-197-element-3\" class=\"depicter-element depicter-layer depicter-197-element-3\" data-type=\"text\" data-wrap=\"true\" data-name=\"Text 1\" data-local-id=\"element-3\" data-offset=\"x:132px;y:220px;origin:tl\" data-width=\"580px,,\" data-height=\"auto,,\" data-responsive-scale=\"true,,\">Nos solutions et nos prestations<\/h2>\n\n<div id=\"depicter-197-element-4\" class=\"depicter-element depicter-layer depicter-197-element-4\" data-type=\"shape\" data-wrap=\"true\" data-name=\"Shape 1\" data-local-id=\"element-4\" data-offset=\"x:132px;y:285px;origin:tl\" data-width=\"531px,,\" data-height=\"2px,,\" data-responsive-scale=\"true,,\"><\/div>\n\n<p id=\"depicter-197-element-5\" class=\"depicter-element depicter-layer depicter-197-element-5\" data-type=\"text\" data-wrap=\"true\" data-name=\"Text 2\" data-local-id=\"element-5\" data-offset=\"x:132px;y:321px;origin:tl\" data-width=\"531px,,\" data-height=\"auto,,\" data-responsive-scale=\"true,,\">Nos casiers automatiques, nos b\u00e2timents modulaires et l\u2019ensemble des services que nous proposons pour une gestion optimale de votre business automatis\u00e9 sont \u00e0 d\u00e9couvrir en d\u00e9tails. Des diff\u00e9rents types de casiers au logiciel de gestion des casiers, c\u2019est ici que \u00e7a se passe !<\/p>\n\n<button id=\"depicter-197-element-6\" class=\"depicter-element depicter-layer depicter-197-element-6\" data-type=\"button\" data-wrap=\"true\" data-name=\"Button 1\" data-local-id=\"element-6\" data-offset=\"x:120px;y:565px;origin:tl\" data-actions=\"[['openURL','click',0,{'path':'\\\/index.php\\\/nos-solutions-modulables\\\/nos-produits\\\/','target':'_self'}]]\" data-width=\"500px,,\" data-height=\"45px,,\" data-responsive-scale=\"true,,\"><span class=\"dp-inner-content\">LES CASIERS<\/span><\/button>\n<button id=\"depicter-197-element-199\" class=\"depicter-element depicter-layer depicter-197-element-199\" data-type=\"button\" data-wrap=\"true\" data-name=\"Button 12\" data-local-id=\"element-199\" data-offset=\"x:1280px;y:565px;origin:tl\" data-actions=\"[['openURL','click',0,{'path':'\\\/index.php\\\/nos-solutions-modulables\\\/nos-specificites-et-outils\\\/','target':'_self'}]]\" data-width=\"500px,,\" data-height=\"45px,,\" data-responsive-scale=\"true,,\"><span class=\"dp-inner-content\">LES OPTIONS<\/span><\/button>\n<button id=\"depicter-197-element-200\" class=\"depicter-element depicter-layer depicter-197-element-200\" data-type=\"button\" data-wrap=\"true\" data-name=\"Button 13\" data-local-id=\"element-200\" data-offset=\"x:700px;y:565px;origin:tl\" data-actions=\"[['openURL','click',0,{'path':'\\\/index.php\\\/nos-solutions-modulables\\\/nos-services\\\/','target':'_self'}]]\" data-width=\"500px,,\" data-height=\"45px,,\" data-responsive-scale=\"true,,\"><span class=\"dp-inner-content\">LES SERVICES<\/span><\/button><\/div>\n<\/div>\n<script>\n(window.depicterSetups = window.depicterSetups || []).push(function(){\n\tDepicter.basePath = 'https:\/\/lecasierfrancais.es\/wp-content\/plugins\/depicter\/resources\/scripts\/player\/';\n\tconst dpPlayer = Depicter.setup('.depicter-197',\n\t\t{\"width\":[\"1900\",\"1900\",\"1900\"],\"height\":[\"700\",\"700\",\"700\"],\"view\":\"basic\",\"keepAspectRatio\":true,\"preload\":0,\"layout\":\"fullwidth\",\"rtl\":false,\"initAfterAppear\":false,\"ajaxApiUrl\":\"https:\\\/\\\/lecasierfrancais.es\\\/wp-admin\\\/admin-ajax.php\",\"mouseSwipe\":true,\"touchSwipe\":true,\"swipeDir\":\"auto\",\"useWatermark\":false}\n\t);\n});\n<\/script>[\/vc_column_text][vc_column_text]<style id=\"depicter-411-inline-pre-css\">\n\n.depicter-411:not(.depicter-ready){\n\theight:800px;\n}\n\n\/***** Tablet *****\/\n@media screen and (max-width: 1024px){\n\n.depicter-411:not(.depicter-ready){\n\theight:800px;\n}\n\n}\n\/***** Mobile *****\/\n@media screen and (max-width: 767px){\n\n.depicter-411:not(.depicter-ready){\n\theight:800px;\n}\n\n}\n<\/style>\n<div id=\"depicter-411\" class=\"depicter depicter-document depicter-revert depicter-411 depicter-layout-fullwidth depicter-hide-on-desktop depicter-hide-on-tablet\">\n\n<div class=\"depicter-loading-container depicter-loading depicter-loading-none\"><\/div>\n<div id=\"depicter-411-section-1\" class=\"depicter-section depicter-411-section-1\" data-name=\"Accueil\" data-type=\"section\" data-local-id=\"section-1\">\n<picture id=\"depicter-411-element-202\" class=\"depicter-element depicter-layer depicter-411-element-202\" data-type=\"image\" data-wrap=\"true\" data-name=\"Image 2\" data-local-id=\"element-202\" data-offset=\"x:0px;y:0px;origin:tl\" data-width=\"500px,,\" data-height=\"800px,,\" data-responsive-scale=\"true,,\" data-crop=\"false\">\n<source data-depicter-srcset=\"https:\/\/lecasierfrancais.es\/wp-content\/uploads\/2024\/09\/Bureaux_Modulaire-400500-500x800.jpg, https:\/\/lecasierfrancais.es\/wp-content\/uploads\/2024\/09\/Bureaux_Modulaire-400500-1000x1600.jpg 2x\" srcset=\"data:image\/gif;base64,R0lGODlhAQABAIAAAAAAAP\/\/\/yH5BAEAAAAALAAAAAABAAEAAAIBRAA7\" \/>\n<img decoding=\"async\" src=\"data:image\/gif;base64,R0lGODlhAQABAIAAAAAAAP\/\/\/yH5BAEAAAAALAAAAAABAAEAAAIBRAA7\" data-depicter-src=\"https:\/\/lecasierfrancais.es\/wp-content\/uploads\/2024\/09\/Bureaux_Modulaire-400500-500x800.jpg\" alt=\"Un b\u00e2timent en bois abrite un distributeur automatique Le Casier Fran\u00e7ais en pleine nature\" \/>\n<\/picture>\n<h2 id=\"depicter-411-element-3\" class=\"depicter-element depicter-layer depicter-411-element-3\" data-type=\"text\" data-wrap=\"true\" data-name=\"Text 1\" data-local-id=\"element-3\" data-offset=\"x:66px;y:58px;origin:tl\" data-width=\"288px,,\" data-height=\"auto,,\" data-responsive-scale=\"true,,\">Nos solutions et nos prestations<\/h2>\n\n<div id=\"depicter-411-element-4\" class=\"depicter-element depicter-layer depicter-411-element-4\" data-type=\"shape\" data-wrap=\"true\" data-name=\"Shape 1\" data-local-id=\"element-4\" data-offset=\"x:66px;y:169px;origin:tl\" data-width=\"360px,,\" data-height=\"2px,,\" data-responsive-scale=\"true,,\"><\/div>\n\n<p id=\"depicter-411-element-5\" class=\"depicter-element depicter-layer depicter-411-element-5\" data-type=\"text\" data-wrap=\"true\" data-name=\"Text 2\" data-local-id=\"element-5\" data-offset=\"x:66px;y:202px;origin:tl\" data-width=\"360px,,\" data-height=\"auto,,\" data-responsive-scale=\"true,,\">Nos casiers automatiques, nos b\u00e2timents modulaires et l\u2019ensemble des services que nous proposons pour une gestion optimale de votre business automatis\u00e9 sont \u00e0 d\u00e9couvrir en d\u00e9tails. Des diff\u00e9rents types de casiers au logiciel de gestion des casiers, c\u2019est ici que \u00e7a se passe !<\/p>\n\n<button id=\"depicter-411-element-6\" class=\"depicter-element depicter-layer depicter-411-element-6\" data-type=\"button\" data-wrap=\"true\" data-name=\"Button 1\" data-local-id=\"element-6\" data-offset=\"x:86px;y:554px;origin:tl\" data-actions=\"[['openURL','click',0,{'path':'\\\/index.php\\\/nos-solutions-modulables\\\/nos-produits\\\/','target':'_self'}]]\" data-width=\"340px,,\" data-height=\"45px,,\" data-responsive-scale=\"true,,\"><span class=\"dp-inner-content\">LES CASIERS<\/span><\/button>\n<button id=\"depicter-411-element-199\" class=\"depicter-element depicter-layer depicter-411-element-199\" data-type=\"button\" data-wrap=\"true\" data-name=\"Button 12\" data-local-id=\"element-199\" data-offset=\"x:86px;y:704px;origin:tl\" data-actions=\"[['openURL','click',0,{'path':'\\\/index.php\\\/nos-solutions-modulables\\\/nos-specificites-et-outils\\\/','target':'_self'}]]\" data-width=\"340px,,\" data-height=\"45px,,\" data-responsive-scale=\"true,,\"><span class=\"dp-inner-content\">LES OPTIONS<\/span><\/button>\n<button id=\"depicter-411-element-200\" class=\"depicter-element depicter-layer depicter-411-element-200\" data-type=\"button\" data-wrap=\"true\" data-name=\"Button 13\" data-local-id=\"element-200\" data-offset=\"x:86px;y:629px;origin:tl\" data-actions=\"[['openURL','click',0,{'path':'\\\/index.php\\\/nos-solutions-modulables\\\/nos-services\\\/','target':'_self'}]]\" data-width=\"340px,,\" data-height=\"45px,,\" data-responsive-scale=\"true,,\"><span class=\"dp-inner-content\">LES SERVICES<\/span><\/button><\/div>\n<\/div>\n<script>\n(window.depicterSetups = window.depicterSetups || []).push(function(){\n\tDepicter.basePath = 'https:\/\/lecasierfrancais.es\/wp-content\/plugins\/depicter\/resources\/scripts\/player\/';\n\tconst dpPlayer = Depicter.setup('.depicter-411',\n\t\t{\"width\":[\"500\",\"500\",\"500\"],\"height\":[\"800\",\"800\",\"800\"],\"view\":\"basic\",\"keepAspectRatio\":true,\"preload\":0,\"layout\":\"fullwidth\",\"rtl\":false,\"initAfterAppear\":false,\"ajaxApiUrl\":\"https:\\\/\\\/lecasierfrancais.es\\\/wp-admin\\\/admin-ajax.php\",\"mouseSwipe\":true,\"touchSwipe\":true,\"swipeDir\":\"auto\",\"useWatermark\":false}\n\t);\n});\n<\/script>[\/vc_column_text][\/vc_column][\/vc_row]\n","protected":false},"excerpt":{"rendered":"<p>[vc_row type=\u00a0\u00bbfull_width_background\u00a0\u00bb full_screen_row_position=\u00a0\u00bbmiddle\u00a0\u00bb bg_color=\u00a0\u00bb#29235c\u00a0\u00bb scene_position=\u00a0\u00bbcenter\u00a0\u00bb text_color=\u00a0\u00bbdark\u00a0\u00bb text_align=\u00a0\u00bbleft\u00a0\u00bb overlay_strength=\u00a0\u00bb0.3&Prime; shape_divider_position=\u00a0\u00bbbottom\u00a0\u00bb shape_type=\u00a0\u00bb\u00a0\u00bb][vc_column column_padding=\u00a0\u00bbno-extra-padding\u00a0\u00bb column_padding_position=\u00a0\u00bball\u00a0\u00bb background_color_opacity=\u00a0\u00bb1&Prime; background_hover_color_opacity=\u00a0\u00bb1&Prime; column_shadow=\u00a0\u00bbnone\u00a0\u00bb&#8230;<\/p>\n","protected":false},"author":3,"featured_media":0,"parent":0,"menu_order":0,"comment_status":"closed","ping_status":"closed","template":"","meta":{"footnotes":""},"class_list":["post-10960","page","type-page","status-publish"],"yoast_head":"<!-- This site is optimized with the Yoast SEO Premium plugin v26.1 (Yoast SEO v26.1.1) - https:\/\/yoast.com\/wordpress\/plugins\/seo\/ -->\n<title>Achat de distributeur automatique : acheter un casier libre-service automatique<\/title>\n<meta name=\"description\" content=\"Nous ne nous contentons pas de produire des distributeurs automatiques performants, nous allions aussi une s\u00e9rie de services pratiques et b\u00e9n\u00e9fiques pour votre commerce.\" \/>\n<meta name=\"robots\" content=\"index, follow, max-snippet:-1, max-image-preview:large, max-video-preview:-1\" \/>\n<link rel=\"canonical\" href=\"https:\/\/lecasierfrancais.es\/index.php\/nos-solutions-modulables\/\" \/>\n<meta property=\"og:locale\" content=\"fr_FR\" \/>\n<meta property=\"og:type\" content=\"article\" \/>\n<meta property=\"og:title\" content=\"Produits &amp; services\" \/>\n<meta property=\"og:description\" content=\"Nous ne nous contentons pas de produire des distributeurs automatiques performants, nous allions aussi une s\u00e9rie de services pratiques et b\u00e9n\u00e9fiques pour votre commerce.\" \/>\n<meta property=\"og:url\" content=\"https:\/\/lecasierfrancais.es\/index.php\/nos-solutions-modulables\/\" \/>\n<meta property=\"og:site_name\" content=\"Le Casier Fran\u00e7ais\" \/>\n<meta property=\"article:publisher\" content=\"https:\/\/www.facebook.com\/lecasierfrancais\/\" \/>\n<meta property=\"article:modified_time\" content=\"2024-12-02T10:44:55+00:00\" \/>\n<meta name=\"twitter:card\" content=\"summary_large_image\" \/>\n<meta name=\"twitter:label1\" content=\"Dur\u00e9e de lecture estim\u00e9e\" \/>\n\t<meta name=\"twitter:data1\" content=\"1 minute\" \/>\n<script type=\"application\/ld+json\" class=\"yoast-schema-graph\">{\"@context\":\"https:\/\/schema.org\",\"@graph\":[{\"@type\":\"WebPage\",\"@id\":\"https:\/\/lecasierfrancais.es\/index.php\/nos-solutions-modulables\/\",\"url\":\"https:\/\/lecasierfrancais.es\/index.php\/nos-solutions-modulables\/\",\"name\":\"Achat de distributeur automatique : acheter un casier libre-service automatique\",\"isPartOf\":{\"@id\":\"https:\/\/lecasierfrancais.es\/#website\"},\"datePublished\":\"2024-09-09T08:00:25+00:00\",\"dateModified\":\"2024-12-02T10:44:55+00:00\",\"description\":\"Nous ne nous contentons pas de produire des distributeurs automatiques performants, nous allions aussi une s\u00e9rie de services pratiques et b\u00e9n\u00e9fiques pour votre commerce.\",\"breadcrumb\":{\"@id\":\"https:\/\/lecasierfrancais.es\/index.php\/nos-solutions-modulables\/#breadcrumb\"},\"inLanguage\":\"fr-FR\",\"potentialAction\":[{\"@type\":\"ReadAction\",\"target\":[\"https:\/\/lecasierfrancais.es\/index.php\/nos-solutions-modulables\/\"]}]},{\"@type\":\"BreadcrumbList\",\"@id\":\"https:\/\/lecasierfrancais.es\/index.php\/nos-solutions-modulables\/#breadcrumb\",\"itemListElement\":[{\"@type\":\"ListItem\",\"position\":1,\"name\":\"Accueil\",\"item\":\"https:\/\/lecasierfrancais.es\/\"},{\"@type\":\"ListItem\",\"position\":2,\"name\":\"Produits &#038; services\"}]},{\"@type\":\"WebSite\",\"@id\":\"https:\/\/lecasierfrancais.es\/#website\",\"url\":\"https:\/\/lecasierfrancais.es\/\",\"name\":\"Le Casier Fran\u00e7ais\",\"description\":\"\",\"potentialAction\":[{\"@type\":\"SearchAction\",\"target\":{\"@type\":\"EntryPoint\",\"urlTemplate\":\"https:\/\/lecasierfrancais.es\/?s={search_term_string}\"},\"query-input\":{\"@type\":\"PropertyValueSpecification\",\"valueRequired\":true,\"valueName\":\"search_term_string\"}}],\"inLanguage\":\"fr-FR\"}]}<\/script>\n<!-- \/ Yoast SEO Premium plugin. -->","yoast_head_json":{"title":"Achat de distributeur automatique : acheter un casier libre-service automatique","description":"Nous ne nous contentons pas de produire des distributeurs automatiques performants, nous allions aussi une s\u00e9rie de services pratiques et b\u00e9n\u00e9fiques pour votre commerce.","robots":{"index":"index","follow":"follow","max-snippet":"max-snippet:-1","max-image-preview":"max-image-preview:large","max-video-preview":"max-video-preview:-1"},"canonical":"https:\/\/lecasierfrancais.es\/index.php\/nos-solutions-modulables\/","og_locale":"fr_FR","og_type":"article","og_title":"Produits & services","og_description":"Nous ne nous contentons pas de produire des distributeurs automatiques performants, nous allions aussi une s\u00e9rie de services pratiques et b\u00e9n\u00e9fiques pour votre commerce.","og_url":"https:\/\/lecasierfrancais.es\/index.php\/nos-solutions-modulables\/","og_site_name":"Le Casier Fran\u00e7ais","article_publisher":"https:\/\/www.facebook.com\/lecasierfrancais\/","article_modified_time":"2024-12-02T10:44:55+00:00","twitter_card":"summary_large_image","twitter_misc":{"Dur\u00e9e de lecture estim\u00e9e":"1 minute"},"schema":{"@context":"https:\/\/schema.org","@graph":[{"@type":"WebPage","@id":"https:\/\/lecasierfrancais.es\/index.php\/nos-solutions-modulables\/","url":"https:\/\/lecasierfrancais.es\/index.php\/nos-solutions-modulables\/","name":"Achat de distributeur automatique : acheter un casier libre-service automatique","isPartOf":{"@id":"https:\/\/lecasierfrancais.es\/#website"},"datePublished":"2024-09-09T08:00:25+00:00","dateModified":"2024-12-02T10:44:55+00:00","description":"Nous ne nous contentons pas de produire des distributeurs automatiques performants, nous allions aussi une s\u00e9rie de services pratiques et b\u00e9n\u00e9fiques pour votre commerce.","breadcrumb":{"@id":"https:\/\/lecasierfrancais.es\/index.php\/nos-solutions-modulables\/#breadcrumb"},"inLanguage":"fr-FR","potentialAction":[{"@type":"ReadAction","target":["https:\/\/lecasierfrancais.es\/index.php\/nos-solutions-modulables\/"]}]},{"@type":"BreadcrumbList","@id":"https:\/\/lecasierfrancais.es\/index.php\/nos-solutions-modulables\/#breadcrumb","itemListElement":[{"@type":"ListItem","position":1,"name":"Accueil","item":"https:\/\/lecasierfrancais.es\/"},{"@type":"ListItem","position":2,"name":"Produits &#038; services"}]},{"@type":"WebSite","@id":"https:\/\/lecasierfrancais.es\/#website","url":"https:\/\/lecasierfrancais.es\/","name":"Le Casier Fran\u00e7ais","description":"","potentialAction":[{"@type":"SearchAction","target":{"@type":"EntryPoint","urlTemplate":"https:\/\/lecasierfrancais.es\/?s={search_term_string}"},"query-input":{"@type":"PropertyValueSpecification","valueRequired":true,"valueName":"search_term_string"}}],"inLanguage":"fr-FR"}]}},"_links":{"self":[{"href":"https:\/\/lecasierfrancais.es\/index.php\/wp-json\/wp\/v2\/pages\/10960","targetHints":{"allow":["GET"]}}],"collection":[{"href":"https:\/\/lecasierfrancais.es\/index.php\/wp-json\/wp\/v2\/pages"}],"about":[{"href":"https:\/\/lecasierfrancais.es\/index.php\/wp-json\/wp\/v2\/types\/page"}],"author":[{"embeddable":true,"href":"https:\/\/lecasierfrancais.es\/index.php\/wp-json\/wp\/v2\/users\/3"}],"replies":[{"embeddable":true,"href":"https:\/\/lecasierfrancais.es\/index.php\/wp-json\/wp\/v2\/comments?post=10960"}],"version-history":[{"count":102,"href":"https:\/\/lecasierfrancais.es\/index.php\/wp-json\/wp\/v2\/pages\/10960\/revisions"}],"predecessor-version":[{"id":11313,"href":"https:\/\/lecasierfrancais.es\/index.php\/wp-json\/wp\/v2\/pages\/10960\/revisions\/11313"}],"wp:attachment":[{"href":"https:\/\/lecasierfrancais.es\/index.php\/wp-json\/wp\/v2\/media?parent=10960"}],"curies":[{"name":"wp","href":"https:\/\/api.w.org\/{rel}","templated":true}]}}