{"id":11280,"date":"2024-09-09T10:00:30","date_gmt":"2024-09-09T08:00:30","guid":{"rendered":"https:\/\/lecasierfrancais.fr\/?page_id=11280"},"modified":"2024-09-16T11:46:00","modified_gmt":"2024-09-16T09:46:00","slug":"kit-code-barres","status":"publish","type":"page","link":"https:\/\/lecasierfrancais.es\/index.php\/kit-code-barres\/","title":{"rendered":"Kit code-barres"},"content":{"rendered":"[vc_row type=\u00a0\u00bbin_container\u00a0\u00bb full_screen_row_position=\u00a0\u00bbmiddle\u00a0\u00bb scene_position=\u00a0\u00bbcenter\u00a0\u00bb text_color=\u00a0\u00bbdark\u00a0\u00bb text_align=\u00a0\u00bbleft\u00a0\u00bb bottom_padding=\u00a0\u00bb3%\u00a0\u00bb overlay_strength=\u00a0\u00bb0.3&Prime; shape_divider_position=\u00a0\u00bbbottom\u00a0\u00bb shape_type=\u00a0\u00bb\u00a0\u00bb][vc_column column_padding=\u00a0\u00bbno-extra-padding\u00a0\u00bb column_padding_position=\u00a0\u00bball\u00a0\u00bb background_color_opacity=\u00a0\u00bb1&Prime; background_hover_color_opacity=\u00a0\u00bb1&Prime; column_shadow=\u00a0\u00bbnone\u00a0\u00bb column_border_radius=\u00a0\u00bbnone\u00a0\u00bb width=\u00a0\u00bb1\/6&Prime; tablet_text_alignment=\u00a0\u00bbdefault\u00a0\u00bb phone_text_alignment=\u00a0\u00bbdefault\u00a0\u00bb column_border_width=\u00a0\u00bbnone\u00a0\u00bb column_border_style=\u00a0\u00bbsolid\u00a0\u00bb][nectar_btn size=\u00a0\u00bblarge\u00a0\u00bb button_style=\u00a0\u00bbregular\u00a0\u00bb button_color_2=\u00a0\u00bbAccent-Color\u00a0\u00bb color_override=\u00a0\u00bb#64ba87&Prime; icon_family=\u00a0\u00bbfontawesome\u00a0\u00bb text=\u00a0\u00bbRetour\u00a0\u00bb icon_fontawesome=\u00a0\u00bbfa fa-arrow-circle-left\u00a0\u00bb url=\u00a0\u00bb\/index.php\/nos-solutions-modulables\/nos-services\/\u00a0\u00bb][\/vc_column][vc_column column_padding=\u00a0\u00bbno-extra-padding\u00a0\u00bb column_padding_position=\u00a0\u00bball\u00a0\u00bb background_color_opacity=\u00a0\u00bb1&Prime; background_hover_color_opacity=\u00a0\u00bb1&Prime; column_shadow=\u00a0\u00bbnone\u00a0\u00bb column_border_radius=\u00a0\u00bbnone\u00a0\u00bb width=\u00a0\u00bb5\/6&Prime; tablet_text_alignment=\u00a0\u00bbdefault\u00a0\u00bb phone_text_alignment=\u00a0\u00bbdefault\u00a0\u00bb column_border_width=\u00a0\u00bbnone\u00a0\u00bb column_border_style=\u00a0\u00bbsolid\u00a0\u00bb][\/vc_column][\/vc_row][vc_row type=\u00a0\u00bbin_container\u00a0\u00bb full_screen_row_position=\u00a0\u00bbmiddle\u00a0\u00bb scene_position=\u00a0\u00bbcenter\u00a0\u00bb text_color=\u00a0\u00bbdark\u00a0\u00bb text_align=\u00a0\u00bbleft\u00a0\u00bb bottom_padding=\u00a0\u00bb3%\u00a0\u00bb overlay_strength=\u00a0\u00bb0.3&Prime; shape_divider_position=\u00a0\u00bbbottom\u00a0\u00bb shape_type=\u00a0\u00bb\u00a0\u00bb][vc_column column_padding=\u00a0\u00bbno-extra-padding\u00a0\u00bb column_padding_position=\u00a0\u00bball\u00a0\u00bb background_color_opacity=\u00a0\u00bb1&Prime; background_hover_color_opacity=\u00a0\u00bb1&Prime; column_shadow=\u00a0\u00bbnone\u00a0\u00bb column_border_radius=\u00a0\u00bbnone\u00a0\u00bb width=\u00a0\u00bb1\/2&Prime; tablet_text_alignment=\u00a0\u00bbdefault\u00a0\u00bb phone_text_alignment=\u00a0\u00bbdefault\u00a0\u00bb column_border_width=\u00a0\u00bbnone\u00a0\u00bb column_border_style=\u00a0\u00bbsolid\u00a0\u00bb]<div class=\"img-with-aniamtion-wrap center\" data-max-width=\"100%\" data-border-radius=\"10px\"><div class=\"inner\"><img decoding=\"async\" data-shadow=\"none\" data-shadow-direction=\"middle\" class=\"img-with-animation \" data-delay=\"0\" height=\"1333\" width=\"2000\" data-animation=\"fade-in\" src=\"https:\/\/lecasierfrancais.es\/wp-content\/uploads\/2024\/09\/IMG_6606b.jpg\" srcset=\"https:\/\/lecasierfrancais.es\/wp-content\/uploads\/2024\/09\/IMG_6606b.jpg 2000w, https:\/\/lecasierfrancais.es\/wp-content\/uploads\/2024\/09\/IMG_6606b-300x200.jpg 300w, https:\/\/lecasierfrancais.es\/wp-content\/uploads\/2024\/09\/IMG_6606b-1024x682.jpg 1024w, https:\/\/lecasierfrancais.es\/wp-content\/uploads\/2024\/09\/IMG_6606b-768x512.jpg 768w, https:\/\/lecasierfrancais.es\/wp-content\/uploads\/2024\/09\/IMG_6606b-1536x1024.jpg 1536w, https:\/\/lecasierfrancais.es\/wp-content\/uploads\/2024\/09\/IMG_6606b-900x600.jpg 900w, https:\/\/lecasierfrancais.es\/wp-content\/uploads\/2024\/09\/IMG_6606b-200x133.jpg 200w\" sizes=\"100vw\" alt=\"Main utilisant la douchette du kit code-barres par Le Casier Fran\u00e7ais\" \/><\/div><\/div><div class=\"divider-wrap\"><div style=\"height: 20px;\" class=\"divider\"><\/div><\/div><div class=\"img-with-aniamtion-wrap center\" data-max-width=\"100%\" data-border-radius=\"10px\"><div class=\"inner\"><img decoding=\"async\" data-shadow=\"none\" data-shadow-direction=\"middle\" class=\"img-with-animation \" data-delay=\"0\" height=\"2000\" width=\"1333\" data-animation=\"fade-in\" src=\"https:\/\/lecasierfrancais.es\/wp-content\/uploads\/2024\/09\/IMG_6595b.jpg\" srcset=\"https:\/\/lecasierfrancais.es\/wp-content\/uploads\/2024\/09\/IMG_6595b.jpg 1333w, https:\/\/lecasierfrancais.es\/wp-content\/uploads\/2024\/09\/IMG_6595b-200x300.jpg 200w, https:\/\/lecasierfrancais.es\/wp-content\/uploads\/2024\/09\/IMG_6595b-682x1024.jpg 682w, https:\/\/lecasierfrancais.es\/wp-content\/uploads\/2024\/09\/IMG_6595b-768x1152.jpg 768w, https:\/\/lecasierfrancais.es\/wp-content\/uploads\/2024\/09\/IMG_6595b-1024x1536.jpg 1024w\" sizes=\"100vw\" alt=\"Utilisation du Kit code-barres en zoom pour recharger rapidement le distributeur automatique Le Casier Fran\u00e7ais\" \/><\/div><\/div>[\/vc_column][vc_column column_padding=\u00a0\u00bbno-extra-padding\u00a0\u00bb column_padding_position=\u00a0\u00bball\u00a0\u00bb background_color_opacity=\u00a0\u00bb1&Prime; background_hover_color_opacity=\u00a0\u00bb1&Prime; column_shadow=\u00a0\u00bbnone\u00a0\u00bb column_border_radius=\u00a0\u00bbnone\u00a0\u00bb width=\u00a0\u00bb1\/2&Prime; tablet_text_alignment=\u00a0\u00bbdefault\u00a0\u00bb phone_text_alignment=\u00a0\u00bbdefault\u00a0\u00bb column_border_width=\u00a0\u00bbnone\u00a0\u00bb column_border_style=\u00a0\u00bbsolid\u00a0\u00bb][vc_column_text]\n<h1><span style=\"color: #29235c;\">Kit code-barres<\/span><\/h1>\n<h2><span style=\"color: #64ba86;\">Optimisez le r\u00e9approvisionnement de vos casiers automatiques avec notre outil connect\u00e9<\/span><\/h2>\n[\/vc_column_text]<div class=\"divider-wrap\"><div style=\"margin-top: 10px; height: 2px; margin-bottom: 10px;\" data-width=\"100%\" data-animate=\"\" data-animation-delay=\"\" data-color=\"default\" class=\"divider-border\"><\/div><\/div>[vc_column_text]Pens\u00e9 pour <strong>vous faciliter la gestion quotidienne<\/strong> de vos casiers, le Kit code-barres est un service optionnel pour remplir votre distributeur avec efficacit\u00e9 et rapidit\u00e9\u00a0!<\/p>\n<p>\u00c0 l\u2019aide d\u2019une douchette, scannez le casier \u00e0 remplir, scannez le produit et celui-ci est r\u00e9f\u00e9renc\u00e9. Fini les manipulations manuelles fastidieuses et r\u00e9p\u00e9titives, gagnez du temps, \u00a0gagnez en efficacit\u00e9 ![\/vc_column_text]<div class=\"divider-wrap\"><div style=\"height: 30px;\" class=\"divider\"><\/div><\/div>[vc_row_inner equal_height=\u00a0\u00bbyes\u00a0\u00bb content_placement=\u00a0\u00bbmiddle\u00a0\u00bb column_margin=\u00a0\u00bbdefault\u00a0\u00bb text_align=\u00a0\u00bbleft\u00a0\u00bb][vc_column_inner column_padding=\u00a0\u00bbno-extra-padding\u00a0\u00bb column_padding_position=\u00a0\u00bball\u00a0\u00bb background_color_opacity=\u00a0\u00bb1&Prime; background_hover_color_opacity=\u00a0\u00bb1&Prime; column_shadow=\u00a0\u00bbnone\u00a0\u00bb column_border_radius=\u00a0\u00bbnone\u00a0\u00bb width=\u00a0\u00bb1\/6&Prime; column_border_width=\u00a0\u00bbnone\u00a0\u00bb column_border_style=\u00a0\u00bbsolid\u00a0\u00bb]<div class=\"img-with-aniamtion-wrap center\" data-max-width=\"100%\" data-border-radius=\"none\"><div class=\"inner\"><img decoding=\"async\" data-shadow=\"none\" data-shadow-direction=\"middle\" class=\"img-with-animation \" data-delay=\"0\" height=\"39\" width=\"54\" data-animation=\"fade-in\" src=\"https:\/\/lecasierfrancais.es\/wp-content\/uploads\/2024\/09\/Guillement_vert1.png\"  alt=\"\" \/><\/div><\/div>[\/vc_column_inner][vc_column_inner column_padding=\u00a0\u00bbno-extra-padding\u00a0\u00bb column_padding_position=\u00a0\u00bball\u00a0\u00bb background_color_opacity=\u00a0\u00bb1&Prime; background_hover_color_opacity=\u00a0\u00bb1&Prime; column_shadow=\u00a0\u00bbnone\u00a0\u00bb column_border_radius=\u00a0\u00bbnone\u00a0\u00bb width=\u00a0\u00bb2\/3&Prime; column_border_width=\u00a0\u00bbnone\u00a0\u00bb column_border_style=\u00a0\u00bbsolid\u00a0\u00bb][vc_column_text]\n<h3 style=\"text-align: center;\"><span style=\"color: #29235c;\">Aujourd\u2019hui, nos clients qui utilisent le Kit code-barres, disent avoir <span style=\"color: #64ba86;\">divis\u00e9 par 5<\/span> le temps de remplissage de leur casier !\u00a0<\/span><\/h3>\n[\/vc_column_text][\/vc_column_inner][vc_column_inner column_padding=\u00a0\u00bbno-extra-padding\u00a0\u00bb column_padding_position=\u00a0\u00bball\u00a0\u00bb background_color_opacity=\u00a0\u00bb1&Prime; background_hover_color_opacity=\u00a0\u00bb1&Prime; column_shadow=\u00a0\u00bbnone\u00a0\u00bb column_border_radius=\u00a0\u00bbnone\u00a0\u00bb width=\u00a0\u00bb1\/6&Prime; column_border_width=\u00a0\u00bbnone\u00a0\u00bb column_border_style=\u00a0\u00bbsolid\u00a0\u00bb]<div class=\"img-with-aniamtion-wrap center\" data-max-width=\"100%\" data-border-radius=\"none\"><div class=\"inner\"><img decoding=\"async\" data-shadow=\"none\" data-shadow-direction=\"middle\" class=\"img-with-animation \" data-delay=\"0\" height=\"39\" width=\"54\" data-animation=\"fade-in\" src=\"https:\/\/lecasierfrancais.es\/wp-content\/uploads\/2024\/09\/Guillement_vert2.png\"  alt=\"\" \/><\/div><\/div>[\/vc_column_inner][\/vc_row_inner]<div class=\"divider-wrap\"><div style=\"height: 30px;\" class=\"divider\"><\/div><\/div>[vc_row_inner column_margin=\u00a0\u00bbdefault\u00a0\u00bb text_align=\u00a0\u00bbleft\u00a0\u00bb][vc_column_inner column_padding=\u00a0\u00bbpadding-6-percent\u00a0\u00bb column_padding_position=\u00a0\u00bball\u00a0\u00bb background_color_opacity=\u00a0\u00bb1&Prime; background_hover_color_opacity=\u00a0\u00bb1&Prime; column_shadow=\u00a0\u00bbsmall_depth\u00a0\u00bb column_border_radius=\u00a0\u00bb20px\u00a0\u00bb width=\u00a0\u00bb1\/1&Prime; column_border_width=\u00a0\u00bbnone\u00a0\u00bb column_border_style=\u00a0\u00bbsolid\u00a0\u00bb][vc_column_text]<strong>\u2705 Simplification du processus de commande ;<br \/>\n<\/strong><strong>\u2705 Adaptabilit\u00e9 \u00e0 vos besoins ;<br \/>\n<\/strong><strong>\u2705 Gain de temps et d\u2019efficacit\u00e9 ;<br \/>\n\u2705 <\/strong><strong>Pr\u00eat-\u00e0-l\u2019emploi ;<br \/>\n\u2705 <\/strong><strong>Limite les risques d\u2019erreur humaine ;<br \/>\n\u2705 <\/strong><strong>Utilisable par tous.<\/strong>[\/vc_column_text][\/vc_column_inner][\/vc_row_inner]<div class=\"divider-wrap\"><div style=\"height: 30px;\" class=\"divider\"><\/div><\/div>[nectar_btn size=\u00a0\u00bblarge\u00a0\u00bb button_style=\u00a0\u00bbregular\u00a0\u00bb button_color_2=\u00a0\u00bbExtra-Color-1&Prime; color_override=\u00a0\u00bb#29235c\u00a0\u00bb icon_family=\u00a0\u00bbfontawesome\u00a0\u00bb text=\u00a0\u00bbJE DEMANDE UN DEVIS\u00a0\u00bb icon_fontawesome=\u00a0\u00bbfa fa-arrow-circle-right\u00a0\u00bb url=\u00a0\u00bb\/index.php\/contact-le-casier-francais\/\u00a0\u00bb][\/vc_column][\/vc_row]\n","protected":false},"excerpt":{"rendered":"<p>[vc_row type=\u00a0\u00bbin_container\u00a0\u00bb full_screen_row_position=\u00a0\u00bbmiddle\u00a0\u00bb scene_position=\u00a0\u00bbcenter\u00a0\u00bb text_color=\u00a0\u00bbdark\u00a0\u00bb text_align=\u00a0\u00bbleft\u00a0\u00bb bottom_padding=\u00a0\u00bb3%\u00a0\u00bb overlay_strength=\u00a0\u00bb0.3&Prime; shape_divider_position=\u00a0\u00bbbottom\u00a0\u00bb shape_type=\u00a0\u00bb\u00a0\u00bb][vc_column column_padding=\u00a0\u00bbno-extra-padding\u00a0\u00bb column_padding_position=\u00a0\u00bball\u00a0\u00bb background_color_opacity=\u00a0\u00bb1&Prime; background_hover_color_opacity=\u00a0\u00bb1&Prime; column_shadow=\u00a0\u00bbnone\u00a0\u00bb&#8230;<\/p>\n","protected":false},"author":3,"featured_media":0,"parent":0,"menu_order":0,"comment_status":"closed","ping_status":"closed","template":"","meta":{"footnotes":""},"class_list":["post-11280","page","type-page","status-publish"],"yoast_head":"<!-- This site is optimized with the Yoast SEO Premium plugin v26.1 (Yoast SEO v26.1.1) - https:\/\/yoast.com\/wordpress\/plugins\/seo\/ -->\n<title>Rechargez votre casier connect\u00e9 Le Casier Fran\u00e7ais avec rapidit\u00e9 et efficacit\u00e9 !<\/title>\n<meta name=\"description\" content=\"Le Kit code-barres a \u00e9t\u00e9 imagin\u00e9 par nos \u00e9quipes pour r\u00e9duire le nombre de rechargements de vos casiers quotidiens. Scannez, rechargez !\" \/>\n<meta name=\"robots\" content=\"index, follow, max-snippet:-1, max-image-preview:large, max-video-preview:-1\" \/>\n<link rel=\"canonical\" href=\"https:\/\/lecasierfrancais.es\/index.php\/kit-code-barres\/\" \/>\n<meta property=\"og:locale\" content=\"fr_FR\" \/>\n<meta property=\"og:type\" content=\"article\" \/>\n<meta property=\"og:title\" content=\"Kit code-barres\" \/>\n<meta property=\"og:description\" content=\"Le Kit code-barres a \u00e9t\u00e9 imagin\u00e9 par nos \u00e9quipes pour r\u00e9duire le nombre de rechargements de vos casiers quotidiens. Scannez, rechargez !\" \/>\n<meta property=\"og:url\" content=\"https:\/\/lecasierfrancais.es\/index.php\/kit-code-barres\/\" \/>\n<meta property=\"og:site_name\" content=\"Le Casier Fran\u00e7ais\" \/>\n<meta property=\"article:publisher\" content=\"https:\/\/www.facebook.com\/lecasierfrancais\/\" \/>\n<meta property=\"article:modified_time\" content=\"2024-09-16T09:46:00+00:00\" \/>\n<meta name=\"twitter:card\" content=\"summary_large_image\" \/>\n<meta name=\"twitter:label1\" content=\"Dur\u00e9e de lecture estim\u00e9e\" \/>\n\t<meta name=\"twitter:data1\" content=\"2 minutes\" \/>\n<script type=\"application\/ld+json\" class=\"yoast-schema-graph\">{\"@context\":\"https:\/\/schema.org\",\"@graph\":[{\"@type\":\"WebPage\",\"@id\":\"https:\/\/lecasierfrancais.es\/index.php\/kit-code-barres\/\",\"url\":\"https:\/\/lecasierfrancais.es\/index.php\/kit-code-barres\/\",\"name\":\"Rechargez votre casier connect\u00e9 Le Casier Fran\u00e7ais avec rapidit\u00e9 et efficacit\u00e9 !\",\"isPartOf\":{\"@id\":\"https:\/\/lecasierfrancais.es\/#website\"},\"datePublished\":\"2024-09-09T08:00:30+00:00\",\"dateModified\":\"2024-09-16T09:46:00+00:00\",\"description\":\"Le Kit code-barres a \u00e9t\u00e9 imagin\u00e9 par nos \u00e9quipes pour r\u00e9duire le nombre de rechargements de vos casiers quotidiens. Scannez, rechargez !\",\"breadcrumb\":{\"@id\":\"https:\/\/lecasierfrancais.es\/index.php\/kit-code-barres\/#breadcrumb\"},\"inLanguage\":\"fr-FR\",\"potentialAction\":[{\"@type\":\"ReadAction\",\"target\":[\"https:\/\/lecasierfrancais.es\/index.php\/kit-code-barres\/\"]}]},{\"@type\":\"BreadcrumbList\",\"@id\":\"https:\/\/lecasierfrancais.es\/index.php\/kit-code-barres\/#breadcrumb\",\"itemListElement\":[{\"@type\":\"ListItem\",\"position\":1,\"name\":\"Accueil\",\"item\":\"https:\/\/lecasierfrancais.es\/\"},{\"@type\":\"ListItem\",\"position\":2,\"name\":\"Kit code-barres\"}]},{\"@type\":\"WebSite\",\"@id\":\"https:\/\/lecasierfrancais.es\/#website\",\"url\":\"https:\/\/lecasierfrancais.es\/\",\"name\":\"Le Casier Fran\u00e7ais\",\"description\":\"\",\"potentialAction\":[{\"@type\":\"SearchAction\",\"target\":{\"@type\":\"EntryPoint\",\"urlTemplate\":\"https:\/\/lecasierfrancais.es\/?s={search_term_string}\"},\"query-input\":{\"@type\":\"PropertyValueSpecification\",\"valueRequired\":true,\"valueName\":\"search_term_string\"}}],\"inLanguage\":\"fr-FR\"}]}<\/script>\n<!-- \/ Yoast SEO Premium plugin. -->","yoast_head_json":{"title":"Rechargez votre casier connect\u00e9 Le Casier Fran\u00e7ais avec rapidit\u00e9 et efficacit\u00e9 !","description":"Le Kit code-barres a \u00e9t\u00e9 imagin\u00e9 par nos \u00e9quipes pour r\u00e9duire le nombre de rechargements de vos casiers quotidiens. Scannez, rechargez !","robots":{"index":"index","follow":"follow","max-snippet":"max-snippet:-1","max-image-preview":"max-image-preview:large","max-video-preview":"max-video-preview:-1"},"canonical":"https:\/\/lecasierfrancais.es\/index.php\/kit-code-barres\/","og_locale":"fr_FR","og_type":"article","og_title":"Kit code-barres","og_description":"Le Kit code-barres a \u00e9t\u00e9 imagin\u00e9 par nos \u00e9quipes pour r\u00e9duire le nombre de rechargements de vos casiers quotidiens. Scannez, rechargez !","og_url":"https:\/\/lecasierfrancais.es\/index.php\/kit-code-barres\/","og_site_name":"Le Casier Fran\u00e7ais","article_publisher":"https:\/\/www.facebook.com\/lecasierfrancais\/","article_modified_time":"2024-09-16T09:46:00+00:00","twitter_card":"summary_large_image","twitter_misc":{"Dur\u00e9e de lecture estim\u00e9e":"2 minutes"},"schema":{"@context":"https:\/\/schema.org","@graph":[{"@type":"WebPage","@id":"https:\/\/lecasierfrancais.es\/index.php\/kit-code-barres\/","url":"https:\/\/lecasierfrancais.es\/index.php\/kit-code-barres\/","name":"Rechargez votre casier connect\u00e9 Le Casier Fran\u00e7ais avec rapidit\u00e9 et efficacit\u00e9 !","isPartOf":{"@id":"https:\/\/lecasierfrancais.es\/#website"},"datePublished":"2024-09-09T08:00:30+00:00","dateModified":"2024-09-16T09:46:00+00:00","description":"Le Kit code-barres a \u00e9t\u00e9 imagin\u00e9 par nos \u00e9quipes pour r\u00e9duire le nombre de rechargements de vos casiers quotidiens. Scannez, rechargez !","breadcrumb":{"@id":"https:\/\/lecasierfrancais.es\/index.php\/kit-code-barres\/#breadcrumb"},"inLanguage":"fr-FR","potentialAction":[{"@type":"ReadAction","target":["https:\/\/lecasierfrancais.es\/index.php\/kit-code-barres\/"]}]},{"@type":"BreadcrumbList","@id":"https:\/\/lecasierfrancais.es\/index.php\/kit-code-barres\/#breadcrumb","itemListElement":[{"@type":"ListItem","position":1,"name":"Accueil","item":"https:\/\/lecasierfrancais.es\/"},{"@type":"ListItem","position":2,"name":"Kit code-barres"}]},{"@type":"WebSite","@id":"https:\/\/lecasierfrancais.es\/#website","url":"https:\/\/lecasierfrancais.es\/","name":"Le Casier Fran\u00e7ais","description":"","potentialAction":[{"@type":"SearchAction","target":{"@type":"EntryPoint","urlTemplate":"https:\/\/lecasierfrancais.es\/?s={search_term_string}"},"query-input":{"@type":"PropertyValueSpecification","valueRequired":true,"valueName":"search_term_string"}}],"inLanguage":"fr-FR"}]}},"_links":{"self":[{"href":"https:\/\/lecasierfrancais.es\/index.php\/wp-json\/wp\/v2\/pages\/11280","targetHints":{"allow":["GET"]}}],"collection":[{"href":"https:\/\/lecasierfrancais.es\/index.php\/wp-json\/wp\/v2\/pages"}],"about":[{"href":"https:\/\/lecasierfrancais.es\/index.php\/wp-json\/wp\/v2\/types\/page"}],"author":[{"embeddable":true,"href":"https:\/\/lecasierfrancais.es\/index.php\/wp-json\/wp\/v2\/users\/3"}],"replies":[{"embeddable":true,"href":"https:\/\/lecasierfrancais.es\/index.php\/wp-json\/wp\/v2\/comments?post=11280"}],"version-history":[{"count":15,"href":"https:\/\/lecasierfrancais.es\/index.php\/wp-json\/wp\/v2\/pages\/11280\/revisions"}],"predecessor-version":[{"id":12055,"href":"https:\/\/lecasierfrancais.es\/index.php\/wp-json\/wp\/v2\/pages\/11280\/revisions\/12055"}],"wp:attachment":[{"href":"https:\/\/lecasierfrancais.es\/index.php\/wp-json\/wp\/v2\/media?parent=11280"}],"curies":[{"name":"wp","href":"https:\/\/api.w.org\/{rel}","templated":true}]}}