{"id":11497,"date":"2024-09-10T11:51:26","date_gmt":"2024-09-10T09:51:26","guid":{"rendered":"https:\/\/lecasierfrancais.fr\/?page_id=11497"},"modified":"2025-01-22T15:53:12","modified_gmt":"2025-01-22T14:53:12","slug":"innovations-double-vente","status":"publish","type":"page","link":"https:\/\/lecasierfrancais.es\/index.php\/innovations-double-vente\/","title":{"rendered":"Double vente"},"content":{"rendered":"[vc_row type=\u00a0\u00bbin_container\u00a0\u00bb full_screen_row_position=\u00a0\u00bbmiddle\u00a0\u00bb scene_position=\u00a0\u00bbcenter\u00a0\u00bb text_color=\u00a0\u00bbdark\u00a0\u00bb text_align=\u00a0\u00bbleft\u00a0\u00bb overlay_strength=\u00a0\u00bb0.3&Prime; shape_divider_position=\u00a0\u00bbbottom\u00a0\u00bb][vc_column column_padding=\u00a0\u00bbno-extra-padding\u00a0\u00bb column_padding_position=\u00a0\u00bball\u00a0\u00bb background_color_opacity=\u00a0\u00bb1&Prime; background_hover_color_opacity=\u00a0\u00bb1&Prime; column_shadow=\u00a0\u00bbnone\u00a0\u00bb column_border_radius=\u00a0\u00bbnone\u00a0\u00bb width=\u00a0\u00bb1\/6&Prime; tablet_text_alignment=\u00a0\u00bbdefault\u00a0\u00bb phone_text_alignment=\u00a0\u00bbdefault\u00a0\u00bb column_border_width=\u00a0\u00bbnone\u00a0\u00bb column_border_style=\u00a0\u00bbsolid\u00a0\u00bb][nectar_btn size=\u00a0\u00bblarge\u00a0\u00bb button_style=\u00a0\u00bbregular\u00a0\u00bb button_color_2=\u00a0\u00bbAccent-Color\u00a0\u00bb color_override=\u00a0\u00bb#64ba87&Prime; icon_family=\u00a0\u00bbnone\u00a0\u00bb text=\u00a0\u00bbRetour\u00a0\u00bb url=\u00a0\u00bb\/index.php\/nos-solutions-modulables\/nos-specificites-et-outils\/\u00a0\u00bb][\/vc_column][vc_column column_padding=\u00a0\u00bbno-extra-padding\u00a0\u00bb column_padding_position=\u00a0\u00bball\u00a0\u00bb background_color_opacity=\u00a0\u00bb1&Prime; background_hover_color_opacity=\u00a0\u00bb1&Prime; column_shadow=\u00a0\u00bbnone\u00a0\u00bb column_border_radius=\u00a0\u00bbnone\u00a0\u00bb width=\u00a0\u00bb5\/6&Prime; tablet_text_alignment=\u00a0\u00bbdefault\u00a0\u00bb phone_text_alignment=\u00a0\u00bbdefault\u00a0\u00bb column_border_width=\u00a0\u00bbnone\u00a0\u00bb column_border_style=\u00a0\u00bbsolid\u00a0\u00bb][\/vc_column][\/vc_row][vc_row type=\u00a0\u00bbin_container\u00a0\u00bb full_screen_row_position=\u00a0\u00bbmiddle\u00a0\u00bb equal_height=\u00a0\u00bbyes\u00a0\u00bb scene_position=\u00a0\u00bbcenter\u00a0\u00bb text_color=\u00a0\u00bbdark\u00a0\u00bb text_align=\u00a0\u00bbleft\u00a0\u00bb bottom_padding=\u00a0\u00bb3%\u00a0\u00bb overlay_strength=\u00a0\u00bb0.3&Prime; shape_divider_position=\u00a0\u00bbbottom\u00a0\u00bb shape_type=\u00a0\u00bb\u00a0\u00bb][vc_column column_padding=\u00a0\u00bbno-extra-padding\u00a0\u00bb column_padding_position=\u00a0\u00bball\u00a0\u00bb background_color_opacity=\u00a0\u00bb1&Prime; background_hover_color_opacity=\u00a0\u00bb1&Prime; column_shadow=\u00a0\u00bbnone\u00a0\u00bb column_border_radius=\u00a0\u00bb20px\u00a0\u00bb width=\u00a0\u00bb1\/2&Prime; tablet_text_alignment=\u00a0\u00bbdefault\u00a0\u00bb phone_text_alignment=\u00a0\u00bbdefault\u00a0\u00bb column_border_width=\u00a0\u00bbnone\u00a0\u00bb column_border_color=\u00a0\u00bb#f9f9f9&Prime;]<div class=\"img-with-aniamtion-wrap center\" data-max-width=\"100%\" data-border-radius=\"20px\"><div class=\"inner\"><img decoding=\"async\" data-shadow=\"none\" data-shadow-direction=\"middle\" class=\"img-with-animation \" data-delay=\"0\" height=\"2000\" width=\"1381\" data-animation=\"fade-in\" src=\"https:\/\/lecasierfrancais.es\/wp-content\/uploads\/2024\/09\/Schema-Double-Vente01.jpg\" srcset=\"https:\/\/lecasierfrancais.es\/wp-content\/uploads\/2024\/09\/Schema-Double-Vente01.jpg 1381w, https:\/\/lecasierfrancais.es\/wp-content\/uploads\/2024\/09\/Schema-Double-Vente01-207x300.jpg 207w, https:\/\/lecasierfrancais.es\/wp-content\/uploads\/2024\/09\/Schema-Double-Vente01-707x1024.jpg 707w, https:\/\/lecasierfrancais.es\/wp-content\/uploads\/2024\/09\/Schema-Double-Vente01-768x1112.jpg 768w, https:\/\/lecasierfrancais.es\/wp-content\/uploads\/2024\/09\/Schema-Double-Vente01-1061x1536.jpg 1061w, https:\/\/lecasierfrancais.es\/wp-content\/uploads\/2024\/09\/Schema-Double-Vente01-200x290.jpg 200w\" sizes=\"100vw\" alt=\"casier double vente\" \/><\/div><\/div><div class=\"divider-wrap\"><div style=\"height: 20px;\" class=\"divider\"><\/div><\/div><div class=\"img-with-aniamtion-wrap center\" data-max-width=\"100%\" data-border-radius=\"20px\"><div class=\"inner\"><img decoding=\"async\" data-shadow=\"none\" data-shadow-direction=\"middle\" class=\"img-with-animation \" data-delay=\"0\" height=\"1994\" width=\"2000\" data-animation=\"fade-in\" src=\"https:\/\/lecasierfrancais.es\/wp-content\/uploads\/2024\/09\/Schema-Double-Vente02.jpg\" srcset=\"https:\/\/lecasierfrancais.es\/wp-content\/uploads\/2024\/09\/Schema-Double-Vente02.jpg 2000w, https:\/\/lecasierfrancais.es\/wp-content\/uploads\/2024\/09\/Schema-Double-Vente02-300x300.jpg 300w, https:\/\/lecasierfrancais.es\/wp-content\/uploads\/2024\/09\/Schema-Double-Vente02-1024x1021.jpg 1024w, https:\/\/lecasierfrancais.es\/wp-content\/uploads\/2024\/09\/Schema-Double-Vente02-150x150.jpg 150w, https:\/\/lecasierfrancais.es\/wp-content\/uploads\/2024\/09\/Schema-Double-Vente02-768x766.jpg 768w, https:\/\/lecasierfrancais.es\/wp-content\/uploads\/2024\/09\/Schema-Double-Vente02-1536x1531.jpg 1536w, https:\/\/lecasierfrancais.es\/wp-content\/uploads\/2024\/09\/Schema-Double-Vente02-100x100.jpg 100w, https:\/\/lecasierfrancais.es\/wp-content\/uploads\/2024\/09\/Schema-Double-Vente02-140x140.jpg 140w, https:\/\/lecasierfrancais.es\/wp-content\/uploads\/2024\/09\/Schema-Double-Vente02-500x500.jpg 500w, https:\/\/lecasierfrancais.es\/wp-content\/uploads\/2024\/09\/Schema-Double-Vente02-350x350.jpg 350w, https:\/\/lecasierfrancais.es\/wp-content\/uploads\/2024\/09\/Schema-Double-Vente02-200x199.jpg 200w\" sizes=\"100vw\" alt=\"casier double acc\u00e8s\" \/><\/div><\/div>[\/vc_column][vc_column column_padding=\u00a0\u00bbpadding-3-percent\u00a0\u00bb column_padding_position=\u00a0\u00bball\u00a0\u00bb background_color_opacity=\u00a0\u00bb1&Prime; background_hover_color_opacity=\u00a0\u00bb1&Prime; column_shadow=\u00a0\u00bbnone\u00a0\u00bb column_border_radius=\u00a0\u00bbnone\u00a0\u00bb width=\u00a0\u00bb1\/2&Prime; tablet_text_alignment=\u00a0\u00bbdefault\u00a0\u00bb phone_text_alignment=\u00a0\u00bbdefault\u00a0\u00bb column_border_width=\u00a0\u00bbnone\u00a0\u00bb column_border_style=\u00a0\u00bbsolid\u00a0\u00bb][vc_column_text]\n<h1><span style=\"color: #29235c;\">Casier double vente :<\/span><\/h1>\n[\/vc_column_text][vc_column_text]\n<h2><span style=\"color: #64ba86;\">Optimisez votre surface de vente\u00a0<\/span><\/h2>\n[\/vc_column_text]<div class=\"divider-wrap\"><div style=\"margin-top: 10px; height: 2px; margin-bottom: 10px;\" data-width=\"100%\" data-animate=\"\" data-animation-delay=\"\" data-color=\"default\" class=\"divider-border\"><\/div><\/div>[vc_column_text]\n<p style=\"text-align: justify;\">Le casier double vente se pr\u00e9sente comme une innovation majeure, permettant aux commer\u00e7ants d&rsquo;optimiser leur espace de vente tout en augmentant leur chiffre d&rsquo;affaires. Con\u00e7u pour offrir une double capacit\u00e9 de stockage dans une seule case, ce syst\u00e8me ing\u00e9nieux r\u00e9pond aux besoins croissants des professionnels souhaitant diversifier leur offre et am\u00e9liorer l&rsquo;exp\u00e9rience client.<\/p>\n<h3 style=\"text-align: justify;\">Qu&rsquo;est-ce que le casier double vente ?<\/h3>\n<p style=\"text-align: justify;\">Quand vous choisissez une armoire de 21 casiers, vous avez la possibilit\u00e9 d\u2019y ajouter l\u2019option double vente. Le casier double vente est une solution innovante de casier double acc\u00e8s qui permet de stocker et de vendre deux produits distincts dans une seule case de votre distributeur automatique.<\/p>\n<p style=\"text-align: justify;\"><span style=\"font-weight: 400;\">Gr\u00e2ce \u00e0 une trappe int\u00e9gr\u00e9e dans la case du casier, celle-ci s\u00e9pare les deux produits et assure leur int\u00e9grit\u00e9 jusqu&rsquo;au moment de l&rsquo;achat. Lorsqu&rsquo;un client s\u00e9lectionne le premier produit, la trappe se soul\u00e8ve automatiquement, rendant le second produit imm\u00e9diatement accessible pour la vente. Cette conception ing\u00e9nieuse permet ainsi de doubler la capacit\u00e9 de stockage et de vente sans occuper davantage d&rsquo;espace.<\/span><\/p>\n<h3 style=\"text-align: justify;\">Comment marche la trappe double vente ?<\/h3>\n<p style=\"text-align: justify;\">Lorsque vous r\u00e9approvisionnez votre casier, vous y placez 2 produits. Ils sont s\u00e9par\u00e9s par une trappe qui se soul\u00e8ve automatiquement d\u00e8s que le premier produit est vendu.<\/p>\n<h3 style=\"text-align: justify;\">Quel avantage \u00e0 choisir un distributeur automatique double vente ?<\/h3>\n<p style=\"text-align: justify;\"><span style=\"font-weight: 400;\">Concr\u00e8tement, vous r\u00e9duisez le nombre de r\u00e9approvisionnements par jour et vous vous donnez l\u2019opportunit\u00e9 de r\u00e9aliser plus de ventes.<\/span><\/p>\n<p style=\"text-align: justify;\"><span style=\"font-weight: 400;\">En somme, un casier automatique double vente vous permet :<\/span><\/p>\n<p style=\"text-align: justify;\"><span style=\"font-weight: 400;\">\u2705 <\/span><b>+ de produits \u00e0 vendre dans votre distributeur <\/b><span style=\"font-weight: 400;\">: avec votre casier double acc\u00e8s, stockez deux produits dans une seule case pour maximiser l\u2019espace disponible.<\/span><\/p>\n<p style=\"text-align: justify;\"><span style=\"font-weight: 400;\">\u2705 <\/span><b>+ de b\u00e9n\u00e9fices<\/b><span style=\"font-weight: 400;\"> : <\/span><span style=\"font-weight: 400;\">votre casier double vente vous offre une capacit\u00e9 doubl\u00e9e et moins de ruptures de stock pour une augmentation des ventes.<\/span><\/p>\n<p style=\"text-align: justify;\"><span style=\"font-weight: 400;\">\u2705 <\/span><b>+ de temps pour vous<\/b> <span style=\"font-weight: 400;\">: profitez d\u2019un r\u00e9approvisionnement moins fr\u00e9quents et d\u2019une gestion simplifi\u00e9e pour gagner du temps et r\u00e9duire les co\u00fbts.<\/span><\/p>\n[\/vc_column_text]<div class=\"divider-wrap\"><div style=\"height: 20px;\" class=\"divider\"><\/div><\/div>[vc_column_text]Option disponible sur[\/vc_column_text][vc_row_inner column_margin=\u00a0\u00bbdefault\u00a0\u00bb text_align=\u00a0\u00bbleft\u00a0\u00bb][vc_column_inner column_padding=\u00a0\u00bbno-extra-padding\u00a0\u00bb column_padding_position=\u00a0\u00bball\u00a0\u00bb background_color_opacity=\u00a0\u00bb1&Prime; background_hover_color_opacity=\u00a0\u00bb1&Prime; column_shadow=\u00a0\u00bbnone\u00a0\u00bb column_border_radius=\u00a0\u00bbnone\u00a0\u00bb width=\u00a0\u00bb1\/3&Prime; column_border_width=\u00a0\u00bbnone\u00a0\u00bb column_border_style=\u00a0\u00bbsolid\u00a0\u00bb][nectar_btn size=\u00a0\u00bblarge\u00a0\u00bb button_style=\u00a0\u00bbregular\u00a0\u00bb button_color_2=\u00a0\u00bbAccent-Color\u00a0\u00bb color_override=\u00a0\u00bb#64ba87&Prime; icon_family=\u00a0\u00bbfontawesome\u00a0\u00bb text=\u00a0\u00bb21 CASIERS\u00a0\u00bb icon_fontawesome=\u00a0\u00bbfa fa-arrow-circle-right\u00a0\u00bb url=\u00a0\u00bb\/index.php\/module-21-casiers\/\u00a0\u00bb][\/vc_column_inner][vc_column_inner column_padding=\u00a0\u00bbno-extra-padding\u00a0\u00bb column_padding_position=\u00a0\u00bball\u00a0\u00bb background_color_opacity=\u00a0\u00bb1&Prime; background_hover_color_opacity=\u00a0\u00bb1&Prime; column_shadow=\u00a0\u00bbnone\u00a0\u00bb column_border_radius=\u00a0\u00bbnone\u00a0\u00bb width=\u00a0\u00bb1\/3&Prime; column_border_width=\u00a0\u00bbnone\u00a0\u00bb column_border_style=\u00a0\u00bbsolid\u00a0\u00bb][\/vc_column_inner][vc_column_inner column_padding=\u00a0\u00bbno-extra-padding\u00a0\u00bb column_padding_position=\u00a0\u00bball\u00a0\u00bb background_color_opacity=\u00a0\u00bb1&Prime; background_hover_color_opacity=\u00a0\u00bb1&Prime; column_shadow=\u00a0\u00bbnone\u00a0\u00bb column_border_radius=\u00a0\u00bbnone\u00a0\u00bb width=\u00a0\u00bb1\/3&Prime; column_border_width=\u00a0\u00bbnone\u00a0\u00bb column_border_style=\u00a0\u00bbsolid\u00a0\u00bb][\/vc_column_inner][\/vc_row_inner]<div class=\"divider-wrap\"><div style=\"margin-top: 10px; height: 2px; margin-bottom: 10px;\" data-width=\"100%\" data-animate=\"\" data-animation-delay=\"\" data-color=\"default\" class=\"divider-border\"><\/div><\/div>[vc_column_text]Existe aussi en[\/vc_column_text][vc_row_inner column_margin=\u00a0\u00bbdefault\u00a0\u00bb text_align=\u00a0\u00bbleft\u00a0\u00bb][vc_column_inner column_padding=\u00a0\u00bbno-extra-padding\u00a0\u00bb column_padding_position=\u00a0\u00bball\u00a0\u00bb background_color_opacity=\u00a0\u00bb1&Prime; background_hover_color_opacity=\u00a0\u00bb1&Prime; column_shadow=\u00a0\u00bbnone\u00a0\u00bb column_border_radius=\u00a0\u00bbnone\u00a0\u00bb width=\u00a0\u00bb1\/2&Prime; column_border_width=\u00a0\u00bbnone\u00a0\u00bb column_border_style=\u00a0\u00bbsolid\u00a0\u00bb][nectar_btn size=\u00a0\u00bblarge\u00a0\u00bb button_style=\u00a0\u00bbregular\u00a0\u00bb button_color_2=\u00a0\u00bbExtra-Color-1&Prime; color_override=\u00a0\u00bb#29235c\u00a0\u00bb icon_family=\u00a0\u00bbfontawesome\u00a0\u00bb text=\u00a0\u00bbPLATEAU TOURNANT\u00a0\u00bb icon_fontawesome=\u00a0\u00bbfa fa-arrow-circle-right\u00a0\u00bb url=\u00a0\u00bb\/index.php\/plateau-tournant\/\u00a0\u00bb][\/vc_column_inner][vc_column_inner column_padding=\u00a0\u00bbno-extra-padding\u00a0\u00bb column_padding_position=\u00a0\u00bball\u00a0\u00bb background_color_opacity=\u00a0\u00bb1&Prime; background_hover_color_opacity=\u00a0\u00bb1&Prime; column_shadow=\u00a0\u00bbnone\u00a0\u00bb column_border_radius=\u00a0\u00bbnone\u00a0\u00bb width=\u00a0\u00bb1\/2&Prime; column_border_width=\u00a0\u00bbnone\u00a0\u00bb column_border_style=\u00a0\u00bbsolid\u00a0\u00bb][\/vc_column_inner][\/vc_row_inner][\/vc_column][\/vc_row][vc_row type=\u00a0\u00bbin_container\u00a0\u00bb full_screen_row_position=\u00a0\u00bbmiddle\u00a0\u00bb scene_position=\u00a0\u00bbcenter\u00a0\u00bb text_color=\u00a0\u00bbdark\u00a0\u00bb text_align=\u00a0\u00bbleft\u00a0\u00bb overlay_strength=\u00a0\u00bb0.3&Prime; shape_divider_position=\u00a0\u00bbbottom\u00a0\u00bb][vc_column column_padding=\u00a0\u00bbno-extra-padding\u00a0\u00bb column_padding_position=\u00a0\u00bball\u00a0\u00bb background_color_opacity=\u00a0\u00bb1&Prime; background_hover_color_opacity=\u00a0\u00bb1&Prime; column_shadow=\u00a0\u00bbnone\u00a0\u00bb column_border_radius=\u00a0\u00bbnone\u00a0\u00bb width=\u00a0\u00bb1\/1&Prime; tablet_text_alignment=\u00a0\u00bbdefault\u00a0\u00bb phone_text_alignment=\u00a0\u00bbdefault\u00a0\u00bb column_border_width=\u00a0\u00bbnone\u00a0\u00bb column_border_style=\u00a0\u00bbsolid\u00a0\u00bb][vc_column_text]\n<h3 style=\"text-align: justify;\">Le casier double vente : \u00e0 qui convient-il ?<\/h3>\n<p style=\"text-align: justify;\"><span style=\"font-weight: 400;\">Le casier double vente est une solution parfaitement adapt\u00e9e aux commer\u00e7ants et professionnels cherchant \u00e0 maximiser leur espace tout en diversifiant leur offre de produits. Il convient particuli\u00e8rement :<\/span><\/p>\n<ul style=\"text-align: justify;\">\n<li style=\"font-weight: 400;\" aria-level=\"1\"><b>Aux espaces restreints<\/b><span style=\"font-weight: 400;\"> : id\u00e9al pour les commerces ou lieux o\u00f9 chaque centim\u00e8tre compte, comme les points de vente en libre-service ou les petites \u00e9piceries.<\/span><\/li>\n<li style=\"font-weight: 400;\" aria-level=\"1\"><b>Aux distributeurs automatiques \u00e0 fort trafic<\/b><span style=\"font-weight: 400;\"> : avec un casier double acc\u00e8s, vous assurez une disponibilit\u00e9 constante des produits m\u00eame en cas de forte demande, \u00e9vitant ainsi les ruptures de stock.<\/span><\/li>\n<li style=\"font-weight: 400;\" aria-level=\"1\"><b>Aux commerces souhaitant r\u00e9duire la gestion logistique<\/b><span style=\"font-weight: 400;\"> : moins de r\u00e9approvisionnement signifie une gestion plus fluide et un gain de temps pour se concentrer sur d\u2019autres priorit\u00e9s.<\/span><\/li>\n<\/ul>\n<p style=\"text-align: justify;\"><span style=\"font-weight: 400;\">Ainsi, le casier double vente est l\u2019alli\u00e9 des commer\u00e7ants qui souhaitent offrir une exp\u00e9rience optimis\u00e9e tout en am\u00e9liorant leur efficacit\u00e9 op\u00e9rationnelle.<\/span><\/p>\n[\/vc_column_text][\/vc_column][\/vc_row]\n","protected":false},"excerpt":{"rendered":"<p>[vc_row type=\u00a0\u00bbin_container\u00a0\u00bb full_screen_row_position=\u00a0\u00bbmiddle\u00a0\u00bb scene_position=\u00a0\u00bbcenter\u00a0\u00bb text_color=\u00a0\u00bbdark\u00a0\u00bb text_align=\u00a0\u00bbleft\u00a0\u00bb overlay_strength=\u00a0\u00bb0.3&Prime; shape_divider_position=\u00a0\u00bbbottom\u00a0\u00bb][vc_column column_padding=\u00a0\u00bbno-extra-padding\u00a0\u00bb column_padding_position=\u00a0\u00bball\u00a0\u00bb background_color_opacity=\u00a0\u00bb1&Prime; background_hover_color_opacity=\u00a0\u00bb1&Prime; column_shadow=\u00a0\u00bbnone\u00a0\u00bb column_border_radius=\u00a0\u00bbnone\u00a0\u00bb width=\u00a0\u00bb1\/6&Prime;&#8230;<\/p>\n","protected":false},"author":3,"featured_media":0,"parent":0,"menu_order":0,"comment_status":"closed","ping_status":"closed","template":"","meta":{"footnotes":""},"class_list":["post-11497","page","type-page","status-publish"],"yoast_head":"<!-- This site is optimized with the Yoast SEO Premium plugin v26.1 (Yoast SEO v26.1.1) - https:\/\/yoast.com\/wordpress\/plugins\/seo\/ -->\n<title>Casier double vente : d\u00e9couvrez votre nouveau casier \u00e0 double acc\u00e8s<\/title>\n<meta name=\"description\" content=\"Notre distributeur est d\u00e9sormais capable d&#039;optimiser la surface de vente avec le casier double vente : 2 produits dans une m\u00eame case !\" \/>\n<meta name=\"robots\" content=\"index, follow, max-snippet:-1, max-image-preview:large, max-video-preview:-1\" \/>\n<link rel=\"canonical\" href=\"https:\/\/lecasierfrancais.es\/index.php\/innovations-double-vente\/\" \/>\n<meta property=\"og:locale\" content=\"fr_FR\" \/>\n<meta property=\"og:type\" content=\"article\" \/>\n<meta property=\"og:title\" content=\"Double vente\" \/>\n<meta property=\"og:description\" content=\"Notre distributeur est d\u00e9sormais capable d&#039;optimiser la surface de vente avec le casier double vente : 2 produits dans une m\u00eame case !\" \/>\n<meta property=\"og:url\" content=\"https:\/\/lecasierfrancais.es\/index.php\/innovations-double-vente\/\" \/>\n<meta property=\"og:site_name\" content=\"Le Casier Fran\u00e7ais\" \/>\n<meta property=\"article:publisher\" content=\"https:\/\/www.facebook.com\/lecasierfrancais\/\" \/>\n<meta property=\"article:modified_time\" content=\"2025-01-22T14:53:12+00:00\" \/>\n<meta name=\"twitter:card\" content=\"summary_large_image\" \/>\n<meta name=\"twitter:label1\" content=\"Dur\u00e9e de lecture estim\u00e9e\" \/>\n\t<meta name=\"twitter:data1\" content=\"4 minutes\" \/>\n<script type=\"application\/ld+json\" class=\"yoast-schema-graph\">{\"@context\":\"https:\/\/schema.org\",\"@graph\":[{\"@type\":\"WebPage\",\"@id\":\"https:\/\/lecasierfrancais.es\/index.php\/innovations-double-vente\/\",\"url\":\"https:\/\/lecasierfrancais.es\/index.php\/innovations-double-vente\/\",\"name\":\"Casier double vente : d\u00e9couvrez votre nouveau casier \u00e0 double acc\u00e8s\",\"isPartOf\":{\"@id\":\"https:\/\/lecasierfrancais.es\/#website\"},\"datePublished\":\"2024-09-10T09:51:26+00:00\",\"dateModified\":\"2025-01-22T14:53:12+00:00\",\"description\":\"Notre distributeur est d\u00e9sormais capable d'optimiser la surface de vente avec le casier double vente : 2 produits dans une m\u00eame case !\",\"breadcrumb\":{\"@id\":\"https:\/\/lecasierfrancais.es\/index.php\/innovations-double-vente\/#breadcrumb\"},\"inLanguage\":\"fr-FR\",\"potentialAction\":[{\"@type\":\"ReadAction\",\"target\":[\"https:\/\/lecasierfrancais.es\/index.php\/innovations-double-vente\/\"]}]},{\"@type\":\"BreadcrumbList\",\"@id\":\"https:\/\/lecasierfrancais.es\/index.php\/innovations-double-vente\/#breadcrumb\",\"itemListElement\":[{\"@type\":\"ListItem\",\"position\":1,\"name\":\"Accueil\",\"item\":\"https:\/\/lecasierfrancais.es\/\"},{\"@type\":\"ListItem\",\"position\":2,\"name\":\"Double vente\"}]},{\"@type\":\"WebSite\",\"@id\":\"https:\/\/lecasierfrancais.es\/#website\",\"url\":\"https:\/\/lecasierfrancais.es\/\",\"name\":\"Le Casier Fran\u00e7ais\",\"description\":\"\",\"potentialAction\":[{\"@type\":\"SearchAction\",\"target\":{\"@type\":\"EntryPoint\",\"urlTemplate\":\"https:\/\/lecasierfrancais.es\/?s={search_term_string}\"},\"query-input\":{\"@type\":\"PropertyValueSpecification\",\"valueRequired\":true,\"valueName\":\"search_term_string\"}}],\"inLanguage\":\"fr-FR\"}]}<\/script>\n<!-- \/ Yoast SEO Premium plugin. -->","yoast_head_json":{"title":"Casier double vente : d\u00e9couvrez votre nouveau casier \u00e0 double acc\u00e8s","description":"Notre distributeur est d\u00e9sormais capable d'optimiser la surface de vente avec le casier double vente : 2 produits dans une m\u00eame case !","robots":{"index":"index","follow":"follow","max-snippet":"max-snippet:-1","max-image-preview":"max-image-preview:large","max-video-preview":"max-video-preview:-1"},"canonical":"https:\/\/lecasierfrancais.es\/index.php\/innovations-double-vente\/","og_locale":"fr_FR","og_type":"article","og_title":"Double vente","og_description":"Notre distributeur est d\u00e9sormais capable d'optimiser la surface de vente avec le casier double vente : 2 produits dans une m\u00eame case !","og_url":"https:\/\/lecasierfrancais.es\/index.php\/innovations-double-vente\/","og_site_name":"Le Casier Fran\u00e7ais","article_publisher":"https:\/\/www.facebook.com\/lecasierfrancais\/","article_modified_time":"2025-01-22T14:53:12+00:00","twitter_card":"summary_large_image","twitter_misc":{"Dur\u00e9e de lecture estim\u00e9e":"4 minutes"},"schema":{"@context":"https:\/\/schema.org","@graph":[{"@type":"WebPage","@id":"https:\/\/lecasierfrancais.es\/index.php\/innovations-double-vente\/","url":"https:\/\/lecasierfrancais.es\/index.php\/innovations-double-vente\/","name":"Casier double vente : d\u00e9couvrez votre nouveau casier \u00e0 double acc\u00e8s","isPartOf":{"@id":"https:\/\/lecasierfrancais.es\/#website"},"datePublished":"2024-09-10T09:51:26+00:00","dateModified":"2025-01-22T14:53:12+00:00","description":"Notre distributeur est d\u00e9sormais capable d'optimiser la surface de vente avec le casier double vente : 2 produits dans une m\u00eame case !","breadcrumb":{"@id":"https:\/\/lecasierfrancais.es\/index.php\/innovations-double-vente\/#breadcrumb"},"inLanguage":"fr-FR","potentialAction":[{"@type":"ReadAction","target":["https:\/\/lecasierfrancais.es\/index.php\/innovations-double-vente\/"]}]},{"@type":"BreadcrumbList","@id":"https:\/\/lecasierfrancais.es\/index.php\/innovations-double-vente\/#breadcrumb","itemListElement":[{"@type":"ListItem","position":1,"name":"Accueil","item":"https:\/\/lecasierfrancais.es\/"},{"@type":"ListItem","position":2,"name":"Double vente"}]},{"@type":"WebSite","@id":"https:\/\/lecasierfrancais.es\/#website","url":"https:\/\/lecasierfrancais.es\/","name":"Le Casier Fran\u00e7ais","description":"","potentialAction":[{"@type":"SearchAction","target":{"@type":"EntryPoint","urlTemplate":"https:\/\/lecasierfrancais.es\/?s={search_term_string}"},"query-input":{"@type":"PropertyValueSpecification","valueRequired":true,"valueName":"search_term_string"}}],"inLanguage":"fr-FR"}]}},"_links":{"self":[{"href":"https:\/\/lecasierfrancais.es\/index.php\/wp-json\/wp\/v2\/pages\/11497","targetHints":{"allow":["GET"]}}],"collection":[{"href":"https:\/\/lecasierfrancais.es\/index.php\/wp-json\/wp\/v2\/pages"}],"about":[{"href":"https:\/\/lecasierfrancais.es\/index.php\/wp-json\/wp\/v2\/types\/page"}],"author":[{"embeddable":true,"href":"https:\/\/lecasierfrancais.es\/index.php\/wp-json\/wp\/v2\/users\/3"}],"replies":[{"embeddable":true,"href":"https:\/\/lecasierfrancais.es\/index.php\/wp-json\/wp\/v2\/comments?post=11497"}],"version-history":[{"count":24,"href":"https:\/\/lecasierfrancais.es\/index.php\/wp-json\/wp\/v2\/pages\/11497\/revisions"}],"predecessor-version":[{"id":12886,"href":"https:\/\/lecasierfrancais.es\/index.php\/wp-json\/wp\/v2\/pages\/11497\/revisions\/12886"}],"wp:attachment":[{"href":"https:\/\/lecasierfrancais.es\/index.php\/wp-json\/wp\/v2\/media?parent=11497"}],"curies":[{"name":"wp","href":"https:\/\/api.w.org\/{rel}","templated":true}]}}