{"id":11506,"date":"2024-09-10T11:51:30","date_gmt":"2024-09-10T09:51:30","guid":{"rendered":"https:\/\/lecasierfrancais.fr\/?page_id=11506"},"modified":"2025-01-22T15:41:36","modified_gmt":"2025-01-22T14:41:36","slug":"innovation-plateau-tournant","status":"publish","type":"page","link":"https:\/\/lecasierfrancais.es\/index.php\/innovation-plateau-tournant\/","title":{"rendered":"Plateau tournant"},"content":{"rendered":"[vc_row type=\u00a0\u00bbin_container\u00a0\u00bb full_screen_row_position=\u00a0\u00bbmiddle\u00a0\u00bb scene_position=\u00a0\u00bbcenter\u00a0\u00bb text_color=\u00a0\u00bbdark\u00a0\u00bb text_align=\u00a0\u00bbleft\u00a0\u00bb overlay_strength=\u00a0\u00bb0.3&Prime; shape_divider_position=\u00a0\u00bbbottom\u00a0\u00bb][vc_column column_padding=\u00a0\u00bbno-extra-padding\u00a0\u00bb column_padding_position=\u00a0\u00bball\u00a0\u00bb background_color_opacity=\u00a0\u00bb1&Prime; background_hover_color_opacity=\u00a0\u00bb1&Prime; column_shadow=\u00a0\u00bbnone\u00a0\u00bb column_border_radius=\u00a0\u00bbnone\u00a0\u00bb width=\u00a0\u00bb1\/6&Prime; tablet_text_alignment=\u00a0\u00bbdefault\u00a0\u00bb phone_text_alignment=\u00a0\u00bbdefault\u00a0\u00bb column_border_width=\u00a0\u00bbnone\u00a0\u00bb column_border_style=\u00a0\u00bbsolid\u00a0\u00bb][nectar_btn size=\u00a0\u00bblarge\u00a0\u00bb button_style=\u00a0\u00bbregular\u00a0\u00bb button_color_2=\u00a0\u00bbAccent-Color\u00a0\u00bb color_override=\u00a0\u00bb#64ba87&Prime; icon_family=\u00a0\u00bbnone\u00a0\u00bb text=\u00a0\u00bbRetour\u00a0\u00bb url=\u00a0\u00bb\/index.php\/nos-solutions-modulables\/nos-specificites-et-outils\/\u00a0\u00bb][\/vc_column][vc_column column_padding=\u00a0\u00bbno-extra-padding\u00a0\u00bb column_padding_position=\u00a0\u00bball\u00a0\u00bb background_color_opacity=\u00a0\u00bb1&Prime; background_hover_color_opacity=\u00a0\u00bb1&Prime; column_shadow=\u00a0\u00bbnone\u00a0\u00bb column_border_radius=\u00a0\u00bbnone\u00a0\u00bb width=\u00a0\u00bb5\/6&Prime; tablet_text_alignment=\u00a0\u00bbdefault\u00a0\u00bb phone_text_alignment=\u00a0\u00bbdefault\u00a0\u00bb column_border_width=\u00a0\u00bbnone\u00a0\u00bb column_border_style=\u00a0\u00bbsolid\u00a0\u00bb][\/vc_column][\/vc_row][vc_row type=\u00a0\u00bbin_container\u00a0\u00bb full_screen_row_position=\u00a0\u00bbmiddle\u00a0\u00bb equal_height=\u00a0\u00bbyes\u00a0\u00bb scene_position=\u00a0\u00bbcenter\u00a0\u00bb text_color=\u00a0\u00bbdark\u00a0\u00bb text_align=\u00a0\u00bbleft\u00a0\u00bb bottom_padding=\u00a0\u00bb3%\u00a0\u00bb overlay_strength=\u00a0\u00bb0.3&Prime; shape_divider_position=\u00a0\u00bbbottom\u00a0\u00bb shape_type=\u00a0\u00bb\u00a0\u00bb][vc_column column_padding=\u00a0\u00bbno-extra-padding\u00a0\u00bb column_padding_position=\u00a0\u00bball\u00a0\u00bb background_color_opacity=\u00a0\u00bb1&Prime; background_hover_color_opacity=\u00a0\u00bb1&Prime; column_shadow=\u00a0\u00bbnone\u00a0\u00bb column_border_radius=\u00a0\u00bb20px\u00a0\u00bb width=\u00a0\u00bb1\/2&Prime; tablet_text_alignment=\u00a0\u00bbdefault\u00a0\u00bb phone_text_alignment=\u00a0\u00bbdefault\u00a0\u00bb column_border_width=\u00a0\u00bbnone\u00a0\u00bb column_border_color=\u00a0\u00bb#f9f9f9&Prime;]<div class=\"img-with-aniamtion-wrap center\" data-max-width=\"100%\" data-border-radius=\"20px\"><div class=\"inner\"><img decoding=\"async\" data-shadow=\"none\" data-shadow-direction=\"middle\" class=\"img-with-animation \" data-delay=\"0\" height=\"2000\" width=\"1472\" data-animation=\"fade-in\" src=\"https:\/\/lecasierfrancais.es\/wp-content\/uploads\/2024\/09\/Schema-Plateau-tournant01.jpg\" srcset=\"https:\/\/lecasierfrancais.es\/wp-content\/uploads\/2024\/09\/Schema-Plateau-tournant01.jpg 1472w, https:\/\/lecasierfrancais.es\/wp-content\/uploads\/2024\/09\/Schema-Plateau-tournant01-221x300.jpg 221w, https:\/\/lecasierfrancais.es\/wp-content\/uploads\/2024\/09\/Schema-Plateau-tournant01-754x1024.jpg 754w, https:\/\/lecasierfrancais.es\/wp-content\/uploads\/2024\/09\/Schema-Plateau-tournant01-768x1043.jpg 768w, https:\/\/lecasierfrancais.es\/wp-content\/uploads\/2024\/09\/Schema-Plateau-tournant01-1130x1536.jpg 1130w, https:\/\/lecasierfrancais.es\/wp-content\/uploads\/2024\/09\/Schema-Plateau-tournant01-200x272.jpg 200w\" sizes=\"100vw\" alt=\"casier plateau tournant\" \/><\/div><\/div><div class=\"divider-wrap\"><div style=\"height: 20px;\" class=\"divider\"><\/div><\/div><div class=\"img-with-aniamtion-wrap center\" data-max-width=\"100%\" data-border-radius=\"20px\"><div class=\"inner\"><img decoding=\"async\" data-shadow=\"none\" data-shadow-direction=\"middle\" class=\"img-with-animation \" data-delay=\"0\" height=\"2000\" width=\"1976\" data-animation=\"fade-in\" src=\"https:\/\/lecasierfrancais.es\/wp-content\/uploads\/2024\/09\/Schema-Plateau-tournant02.jpg\" srcset=\"https:\/\/lecasierfrancais.es\/wp-content\/uploads\/2024\/09\/Schema-Plateau-tournant02.jpg 1976w, https:\/\/lecasierfrancais.es\/wp-content\/uploads\/2024\/09\/Schema-Plateau-tournant02-296x300.jpg 296w, https:\/\/lecasierfrancais.es\/wp-content\/uploads\/2024\/09\/Schema-Plateau-tournant02-1012x1024.jpg 1012w, https:\/\/lecasierfrancais.es\/wp-content\/uploads\/2024\/09\/Schema-Plateau-tournant02-768x777.jpg 768w, https:\/\/lecasierfrancais.es\/wp-content\/uploads\/2024\/09\/Schema-Plateau-tournant02-1518x1536.jpg 1518w, https:\/\/lecasierfrancais.es\/wp-content\/uploads\/2024\/09\/Schema-Plateau-tournant02-100x100.jpg 100w, https:\/\/lecasierfrancais.es\/wp-content\/uploads\/2024\/09\/Schema-Plateau-tournant02-200x202.jpg 200w\" sizes=\"100vw\" alt=\"Sch\u00e9ma d'un distributeur Le Casier Fran\u00e7ais \u00e9quip\u00e9 de l'innovation plateau tournant pour optimiser la surface de vente.\" \/><\/div><\/div>[\/vc_column][vc_column column_padding=\u00a0\u00bbpadding-3-percent\u00a0\u00bb column_padding_position=\u00a0\u00bball\u00a0\u00bb background_color_opacity=\u00a0\u00bb1&Prime; background_hover_color_opacity=\u00a0\u00bb1&Prime; column_shadow=\u00a0\u00bbnone\u00a0\u00bb column_border_radius=\u00a0\u00bbnone\u00a0\u00bb width=\u00a0\u00bb1\/2&Prime; tablet_text_alignment=\u00a0\u00bbdefault\u00a0\u00bb phone_text_alignment=\u00a0\u00bbdefault\u00a0\u00bb column_border_width=\u00a0\u00bbnone\u00a0\u00bb column_border_style=\u00a0\u00bbsolid\u00a0\u00bb][vc_column_text]\n<h1>Casier avec plateau tournant :<\/h1>\n[\/vc_column_text][vc_column_text]\n<h2><span style=\"color: #64ba86;\">Remplir -, vendre + !<\/span><\/h2>\n[\/vc_column_text]<div class=\"divider-wrap\"><div style=\"margin-top: 10px; height: 2px; margin-bottom: 10px;\" data-width=\"100%\" data-animate=\"\" data-animation-delay=\"\" data-color=\"default\" class=\"divider-border\"><\/div><\/div>[vc_column_text]\n<p style=\"text-align: justify;\">C\u2019est notre toute derni\u00e8re innovation dans la cat\u00e9gorie <strong>Optimisation de la surface de vente<\/strong>. Avec un <strong>plateau tournant<\/strong> permettant de vendre 3 produits au lieu d\u2019un dans une m\u00eame cellule de vente, vous optimisez temps, productivit\u00e9 et b\u00e9n\u00e9fices.<\/p>\n<p style=\"text-align: justify;\"><span style=\"font-weight: 400;\">En effet, le <\/span><span style=\"font-weight: 400;\">casier avec<\/span><span style=\"font-weight: 400;\"> plateau tournant vous permet de r\u00e9duire le nombre de rechargements quotidiens et de vendre plus de produits dans un m\u00eame distributeur. Notre innovation est disponible sur notre distributeur automatique de 21 casiers.<\/span><\/p>\n<p style=\"text-align: justify;\">Notre innovation est disponible sur notre <strong>distributeur automatique de 21 casiers<\/strong>.<\/p>\n<h3 style=\"text-align: justify;\">Comment marche concr\u00e8tement le plateau tournant\u00a0?<\/h3>\n<p style=\"text-align: justify;\">Lors du r\u00e9approvisionnement du casier, vous placez un produit dans chaque compartiment du plateau tournant. Quand votre consommateur ach\u00e8te l\u2019un d&rsquo;eux, <strong>le plateau tourne et propose \u00e0 la vente le second produit<\/strong> etc.<\/p>\n<p style=\"text-align: justify;\">Un m\u00e9canisme m\u00e9ticuleusement \u00e9tudi\u00e9 par nos Ing\u00e9nieurs m\u00e9canique pour vous faire gagner du temps et de l\u2019argent au quotidien !<\/p>\n[\/vc_column_text]<div class=\"divider-wrap\"><div style=\"height: 20px;\" class=\"divider\"><\/div><\/div>[vc_column_text]Option disponible sur[\/vc_column_text][vc_row_inner column_margin=\u00a0\u00bbdefault\u00a0\u00bb text_align=\u00a0\u00bbleft\u00a0\u00bb][vc_column_inner column_padding=\u00a0\u00bbno-extra-padding\u00a0\u00bb column_padding_position=\u00a0\u00bball\u00a0\u00bb background_color_opacity=\u00a0\u00bb1&Prime; background_hover_color_opacity=\u00a0\u00bb1&Prime; column_shadow=\u00a0\u00bbnone\u00a0\u00bb column_border_radius=\u00a0\u00bbnone\u00a0\u00bb width=\u00a0\u00bb1\/3&Prime; column_border_width=\u00a0\u00bbnone\u00a0\u00bb column_border_style=\u00a0\u00bbsolid\u00a0\u00bb][nectar_btn size=\u00a0\u00bblarge\u00a0\u00bb button_style=\u00a0\u00bbregular\u00a0\u00bb button_color_2=\u00a0\u00bbAccent-Color\u00a0\u00bb color_override=\u00a0\u00bb#64ba87&Prime; icon_family=\u00a0\u00bbfontawesome\u00a0\u00bb text=\u00a0\u00bb21 CASIERS\u00a0\u00bb icon_fontawesome=\u00a0\u00bbfa fa-arrow-circle-right\u00a0\u00bb url=\u00a0\u00bb\/index.php\/module-21-casiers\/\u00a0\u00bb][\/vc_column_inner][vc_column_inner column_padding=\u00a0\u00bbno-extra-padding\u00a0\u00bb column_padding_position=\u00a0\u00bball\u00a0\u00bb background_color_opacity=\u00a0\u00bb1&Prime; background_hover_color_opacity=\u00a0\u00bb1&Prime; column_shadow=\u00a0\u00bbnone\u00a0\u00bb column_border_radius=\u00a0\u00bbnone\u00a0\u00bb width=\u00a0\u00bb1\/3&Prime; column_border_width=\u00a0\u00bbnone\u00a0\u00bb column_border_style=\u00a0\u00bbsolid\u00a0\u00bb][\/vc_column_inner][vc_column_inner column_padding=\u00a0\u00bbno-extra-padding\u00a0\u00bb column_padding_position=\u00a0\u00bball\u00a0\u00bb background_color_opacity=\u00a0\u00bb1&Prime; background_hover_color_opacity=\u00a0\u00bb1&Prime; column_shadow=\u00a0\u00bbnone\u00a0\u00bb column_border_radius=\u00a0\u00bbnone\u00a0\u00bb width=\u00a0\u00bb1\/3&Prime; column_border_width=\u00a0\u00bbnone\u00a0\u00bb column_border_style=\u00a0\u00bbsolid\u00a0\u00bb][\/vc_column_inner][\/vc_row_inner]<div class=\"divider-wrap\"><div style=\"margin-top: 10px; height: 2px; margin-bottom: 10px;\" data-width=\"100%\" data-animate=\"\" data-animation-delay=\"\" data-color=\"default\" class=\"divider-border\"><\/div><\/div>[vc_column_text]\n<h3 style=\"text-align: justify;\">Les avantages de votre casier avec plateau tournant<\/h3>\n<p style=\"text-align: justify;\"><span style=\"font-weight: 400;\">Le plateau tournant est con\u00e7u pour vous simplifier la gestion de votre distributeur et optimiser vos ventes. Voici les principaux avantages :<\/span><\/p>\n<p style=\"text-align: justify;\"><span style=\"font-weight: 400;\">\u2705 <\/span><b>&#8211; de r\u00e9approvisionnements <\/b><span style=\"font-weight: 400;\">: stockez plusieurs produits dans une m\u00eame case et r\u00e9duisez ainsi la fr\u00e9quence de remplissage. Vous gagnez du temps et r\u00e9duisez vos co\u00fbts.<\/span><\/p>\n<p style=\"text-align: justify;\"><span style=\"font-weight: 400;\">\u2705 <\/span><b>+ de satisfaction client<\/b><span style=\"font-weight: 400;\"> : gr\u00e2ce au syst\u00e8me de rotation, chaque produit est facilement accessible, offrant \u00e0 vos clients une exp\u00e9rience d\u2019achat fluide et agr\u00e9able.<\/span><\/p>\n<p style=\"text-align: justify;\"><span style=\"font-weight: 400;\">\u2705 <\/span><b>+ de produits en vente<\/b><span style=\"font-weight: 400;\"> : proposez plus de produits (jusqu\u2019\u00e0 54) sans occuper plus de place. Le plateau tournant vous permet de diversifier votre offre dans un espace restreint.<\/span><\/p>\n<p style=\"text-align: justify;\"><span style=\"font-weight: 400;\">Avec votre nouveau casier avec plateau tournant, augmentez facilement votre capacit\u00e9 de vente et simplifiez la gestion de votre distributeur au quotidien.<\/span><\/p>\n[\/vc_column_text]<div class=\"divider-wrap\"><div style=\"height: 20px;\" class=\"divider\"><\/div><\/div>[vc_column_text]Existe aussi en[\/vc_column_text][vc_row_inner column_margin=\u00a0\u00bbdefault\u00a0\u00bb text_align=\u00a0\u00bbleft\u00a0\u00bb][vc_column_inner column_padding=\u00a0\u00bbno-extra-padding\u00a0\u00bb column_padding_position=\u00a0\u00bball\u00a0\u00bb background_color_opacity=\u00a0\u00bb1&Prime; background_hover_color_opacity=\u00a0\u00bb1&Prime; column_shadow=\u00a0\u00bbnone\u00a0\u00bb column_border_radius=\u00a0\u00bbnone\u00a0\u00bb width=\u00a0\u00bb1\/2&Prime; column_border_width=\u00a0\u00bbnone\u00a0\u00bb column_border_style=\u00a0\u00bbsolid\u00a0\u00bb][nectar_btn size=\u00a0\u00bblarge\u00a0\u00bb button_style=\u00a0\u00bbregular\u00a0\u00bb button_color_2=\u00a0\u00bbExtra-Color-1&Prime; color_override=\u00a0\u00bb#29235c\u00a0\u00bb icon_family=\u00a0\u00bbfontawesome\u00a0\u00bb text=\u00a0\u00bbDOUBLE VENTE\u00a0\u00bb icon_fontawesome=\u00a0\u00bbfa fa-arrow-circle-right\u00a0\u00bb url=\u00a0\u00bb\/index.php\/double-vente\/\u00a0\u00bb][\/vc_column_inner][vc_column_inner column_padding=\u00a0\u00bbno-extra-padding\u00a0\u00bb column_padding_position=\u00a0\u00bball\u00a0\u00bb background_color_opacity=\u00a0\u00bb1&Prime; background_hover_color_opacity=\u00a0\u00bb1&Prime; column_shadow=\u00a0\u00bbnone\u00a0\u00bb column_border_radius=\u00a0\u00bbnone\u00a0\u00bb width=\u00a0\u00bb1\/2&Prime; column_border_width=\u00a0\u00bbnone\u00a0\u00bb column_border_style=\u00a0\u00bbsolid\u00a0\u00bb][\/vc_column_inner][\/vc_row_inner][\/vc_column][\/vc_row][vc_row type=\u00a0\u00bbin_container\u00a0\u00bb full_screen_row_position=\u00a0\u00bbmiddle\u00a0\u00bb scene_position=\u00a0\u00bbcenter\u00a0\u00bb text_color=\u00a0\u00bbdark\u00a0\u00bb text_align=\u00a0\u00bbleft\u00a0\u00bb overlay_strength=\u00a0\u00bb0.3&Prime; shape_divider_position=\u00a0\u00bbbottom\u00a0\u00bb][vc_column column_padding=\u00a0\u00bbno-extra-padding\u00a0\u00bb column_padding_position=\u00a0\u00bball\u00a0\u00bb background_color_opacity=\u00a0\u00bb1&Prime; background_hover_color_opacity=\u00a0\u00bb1&Prime; column_shadow=\u00a0\u00bbnone\u00a0\u00bb column_border_radius=\u00a0\u00bbnone\u00a0\u00bb width=\u00a0\u00bb1\/1&Prime; tablet_text_alignment=\u00a0\u00bbdefault\u00a0\u00bb phone_text_alignment=\u00a0\u00bbdefault\u00a0\u00bb column_border_width=\u00a0\u00bbnone\u00a0\u00bb column_border_style=\u00a0\u00bbsolid\u00a0\u00bb][vc_column_text]\n<h3 style=\"text-align: justify;\">Le plateau tournant : pour vous ?<\/h3>\n<p style=\"text-align: justify;\"><span style=\"font-weight: 400;\">Le casier plateau tournant est id\u00e9al si vous cherchez une solution pratique et efficace pour maximiser vos ventes :<\/span><\/p>\n<ul style=\"text-align: justify;\">\n<li style=\"font-weight: 400;\" aria-level=\"1\"><b>Pour les commerces \u00e0 forte affluence<\/b><span style=\"font-weight: 400;\"> : id\u00e9al si vous travaillez dans des lieux tr\u00e8s fr\u00e9quent\u00e9s o\u00f9 la demande est \u00e9lev\u00e9e et o\u00f9 les ruptures de stock doivent \u00eatre \u00e9vit\u00e9es. Le plateau tournant vous assure une offre produit continue et accessible \u00e0 vos clients.<\/span><\/li>\n<li style=\"font-weight: 400;\" aria-level=\"1\"><b>Si vous cherchez \u00e0 simplifier la gestion<\/b><span style=\"font-weight: 400;\"> : ce casier est fait pour vous si vous voulez r\u00e9duire le temps de r\u00e9approvisionnement et diminuer les co\u00fbts op\u00e9rationnels, vous facilitant la gestion au quotidien.<\/span><\/li>\n<li style=\"font-weight: 400;\" aria-level=\"1\"><b>Pour les petits espaces de vente<\/b><span style=\"font-weight: 400;\"> : parfait si vous disposez de peu de place, le plateau tournant maximise l\u2019offre de produits sans occuper davantage d\u2019espace, id\u00e9al pour les zones de vente restreintes.<\/span><\/li>\n<\/ul>\n<p style=\"text-align: justify;\"><span style=\"font-weight: 400;\">Le casier avec plateau tournant est la solution id\u00e9ale pour maximiser votre espace de vente, simplifier votre gestion et offrir une exp\u00e9rience fluide \u00e0 vos clients.<\/span><\/p>\n[\/vc_column_text][\/vc_column][\/vc_row]\n","protected":false},"excerpt":{"rendered":"<p>[vc_row type=\u00a0\u00bbin_container\u00a0\u00bb full_screen_row_position=\u00a0\u00bbmiddle\u00a0\u00bb scene_position=\u00a0\u00bbcenter\u00a0\u00bb text_color=\u00a0\u00bbdark\u00a0\u00bb text_align=\u00a0\u00bbleft\u00a0\u00bb overlay_strength=\u00a0\u00bb0.3&Prime; shape_divider_position=\u00a0\u00bbbottom\u00a0\u00bb][vc_column column_padding=\u00a0\u00bbno-extra-padding\u00a0\u00bb column_padding_position=\u00a0\u00bball\u00a0\u00bb background_color_opacity=\u00a0\u00bb1&Prime; background_hover_color_opacity=\u00a0\u00bb1&Prime; column_shadow=\u00a0\u00bbnone\u00a0\u00bb column_border_radius=\u00a0\u00bbnone\u00a0\u00bb width=\u00a0\u00bb1\/6&Prime;&#8230;<\/p>\n","protected":false},"author":3,"featured_media":0,"parent":0,"menu_order":0,"comment_status":"closed","ping_status":"closed","template":"","meta":{"footnotes":""},"class_list":["post-11506","page","type-page","status-publish"],"yoast_head":"<!-- This site is optimized with the Yoast SEO Premium plugin v26.1 (Yoast SEO v26.1.1) - https:\/\/yoast.com\/wordpress\/plugins\/seo\/ -->\n<title>Casier plateau tournant : optimisation de la surface de vente du distributeur automatique<\/title>\n<meta name=\"description\" content=\"D\u00e9couvrez une innovation sign\u00e9e Le Casier Fran\u00e7ais : le plateau tournant permet de vendre 3 produits dans une m\u00eame cellule de vente.\" \/>\n<meta name=\"robots\" content=\"index, follow, max-snippet:-1, max-image-preview:large, max-video-preview:-1\" \/>\n<link rel=\"canonical\" href=\"https:\/\/lecasierfrancais.es\/index.php\/innovation-plateau-tournant\/\" \/>\n<meta property=\"og:locale\" content=\"fr_FR\" \/>\n<meta property=\"og:type\" content=\"article\" \/>\n<meta property=\"og:title\" content=\"Plateau tournant\" \/>\n<meta property=\"og:description\" content=\"D\u00e9couvrez une innovation sign\u00e9e Le Casier Fran\u00e7ais : le plateau tournant permet de vendre 3 produits dans une m\u00eame cellule de vente.\" \/>\n<meta property=\"og:url\" content=\"https:\/\/lecasierfrancais.es\/index.php\/innovation-plateau-tournant\/\" \/>\n<meta property=\"og:site_name\" content=\"Le Casier Fran\u00e7ais\" \/>\n<meta property=\"article:publisher\" content=\"https:\/\/www.facebook.com\/lecasierfrancais\/\" \/>\n<meta property=\"article:modified_time\" content=\"2025-01-22T14:41:36+00:00\" \/>\n<meta name=\"twitter:card\" content=\"summary_large_image\" \/>\n<meta name=\"twitter:label1\" content=\"Dur\u00e9e de lecture estim\u00e9e\" \/>\n\t<meta name=\"twitter:data1\" content=\"4 minutes\" \/>\n<script type=\"application\/ld+json\" class=\"yoast-schema-graph\">{\"@context\":\"https:\/\/schema.org\",\"@graph\":[{\"@type\":\"WebPage\",\"@id\":\"https:\/\/lecasierfrancais.es\/index.php\/innovation-plateau-tournant\/\",\"url\":\"https:\/\/lecasierfrancais.es\/index.php\/innovation-plateau-tournant\/\",\"name\":\"Casier plateau tournant : optimisation de la surface de vente du distributeur automatique\",\"isPartOf\":{\"@id\":\"https:\/\/lecasierfrancais.es\/#website\"},\"datePublished\":\"2024-09-10T09:51:30+00:00\",\"dateModified\":\"2025-01-22T14:41:36+00:00\",\"description\":\"D\u00e9couvrez une innovation sign\u00e9e Le Casier Fran\u00e7ais : le plateau tournant permet de vendre 3 produits dans une m\u00eame cellule de vente.\",\"breadcrumb\":{\"@id\":\"https:\/\/lecasierfrancais.es\/index.php\/innovation-plateau-tournant\/#breadcrumb\"},\"inLanguage\":\"fr-FR\",\"potentialAction\":[{\"@type\":\"ReadAction\",\"target\":[\"https:\/\/lecasierfrancais.es\/index.php\/innovation-plateau-tournant\/\"]}]},{\"@type\":\"BreadcrumbList\",\"@id\":\"https:\/\/lecasierfrancais.es\/index.php\/innovation-plateau-tournant\/#breadcrumb\",\"itemListElement\":[{\"@type\":\"ListItem\",\"position\":1,\"name\":\"Accueil\",\"item\":\"https:\/\/lecasierfrancais.es\/\"},{\"@type\":\"ListItem\",\"position\":2,\"name\":\"Plateau tournant\"}]},{\"@type\":\"WebSite\",\"@id\":\"https:\/\/lecasierfrancais.es\/#website\",\"url\":\"https:\/\/lecasierfrancais.es\/\",\"name\":\"Le Casier Fran\u00e7ais\",\"description\":\"\",\"potentialAction\":[{\"@type\":\"SearchAction\",\"target\":{\"@type\":\"EntryPoint\",\"urlTemplate\":\"https:\/\/lecasierfrancais.es\/?s={search_term_string}\"},\"query-input\":{\"@type\":\"PropertyValueSpecification\",\"valueRequired\":true,\"valueName\":\"search_term_string\"}}],\"inLanguage\":\"fr-FR\"}]}<\/script>\n<!-- \/ Yoast SEO Premium plugin. -->","yoast_head_json":{"title":"Casier plateau tournant : optimisation de la surface de vente du distributeur automatique","description":"D\u00e9couvrez une innovation sign\u00e9e Le Casier Fran\u00e7ais : le plateau tournant permet de vendre 3 produits dans une m\u00eame cellule de vente.","robots":{"index":"index","follow":"follow","max-snippet":"max-snippet:-1","max-image-preview":"max-image-preview:large","max-video-preview":"max-video-preview:-1"},"canonical":"https:\/\/lecasierfrancais.es\/index.php\/innovation-plateau-tournant\/","og_locale":"fr_FR","og_type":"article","og_title":"Plateau tournant","og_description":"D\u00e9couvrez une innovation sign\u00e9e Le Casier Fran\u00e7ais : le plateau tournant permet de vendre 3 produits dans une m\u00eame cellule de vente.","og_url":"https:\/\/lecasierfrancais.es\/index.php\/innovation-plateau-tournant\/","og_site_name":"Le Casier Fran\u00e7ais","article_publisher":"https:\/\/www.facebook.com\/lecasierfrancais\/","article_modified_time":"2025-01-22T14:41:36+00:00","twitter_card":"summary_large_image","twitter_misc":{"Dur\u00e9e de lecture estim\u00e9e":"4 minutes"},"schema":{"@context":"https:\/\/schema.org","@graph":[{"@type":"WebPage","@id":"https:\/\/lecasierfrancais.es\/index.php\/innovation-plateau-tournant\/","url":"https:\/\/lecasierfrancais.es\/index.php\/innovation-plateau-tournant\/","name":"Casier plateau tournant : optimisation de la surface de vente du distributeur automatique","isPartOf":{"@id":"https:\/\/lecasierfrancais.es\/#website"},"datePublished":"2024-09-10T09:51:30+00:00","dateModified":"2025-01-22T14:41:36+00:00","description":"D\u00e9couvrez une innovation sign\u00e9e Le Casier Fran\u00e7ais : le plateau tournant permet de vendre 3 produits dans une m\u00eame cellule de vente.","breadcrumb":{"@id":"https:\/\/lecasierfrancais.es\/index.php\/innovation-plateau-tournant\/#breadcrumb"},"inLanguage":"fr-FR","potentialAction":[{"@type":"ReadAction","target":["https:\/\/lecasierfrancais.es\/index.php\/innovation-plateau-tournant\/"]}]},{"@type":"BreadcrumbList","@id":"https:\/\/lecasierfrancais.es\/index.php\/innovation-plateau-tournant\/#breadcrumb","itemListElement":[{"@type":"ListItem","position":1,"name":"Accueil","item":"https:\/\/lecasierfrancais.es\/"},{"@type":"ListItem","position":2,"name":"Plateau tournant"}]},{"@type":"WebSite","@id":"https:\/\/lecasierfrancais.es\/#website","url":"https:\/\/lecasierfrancais.es\/","name":"Le Casier Fran\u00e7ais","description":"","potentialAction":[{"@type":"SearchAction","target":{"@type":"EntryPoint","urlTemplate":"https:\/\/lecasierfrancais.es\/?s={search_term_string}"},"query-input":{"@type":"PropertyValueSpecification","valueRequired":true,"valueName":"search_term_string"}}],"inLanguage":"fr-FR"}]}},"_links":{"self":[{"href":"https:\/\/lecasierfrancais.es\/index.php\/wp-json\/wp\/v2\/pages\/11506","targetHints":{"allow":["GET"]}}],"collection":[{"href":"https:\/\/lecasierfrancais.es\/index.php\/wp-json\/wp\/v2\/pages"}],"about":[{"href":"https:\/\/lecasierfrancais.es\/index.php\/wp-json\/wp\/v2\/types\/page"}],"author":[{"embeddable":true,"href":"https:\/\/lecasierfrancais.es\/index.php\/wp-json\/wp\/v2\/users\/3"}],"replies":[{"embeddable":true,"href":"https:\/\/lecasierfrancais.es\/index.php\/wp-json\/wp\/v2\/comments?post=11506"}],"version-history":[{"count":24,"href":"https:\/\/lecasierfrancais.es\/index.php\/wp-json\/wp\/v2\/pages\/11506\/revisions"}],"predecessor-version":[{"id":12885,"href":"https:\/\/lecasierfrancais.es\/index.php\/wp-json\/wp\/v2\/pages\/11506\/revisions\/12885"}],"wp:attachment":[{"href":"https:\/\/lecasierfrancais.es\/index.php\/wp-json\/wp\/v2\/media?parent=11506"}],"curies":[{"name":"wp","href":"https:\/\/api.w.org\/{rel}","templated":true}]}}