{"id":14059,"date":"2025-03-18T14:40:21","date_gmt":"2025-03-18T13:40:21","guid":{"rendered":"https:\/\/lecasierfrancais.fr\/?page_id=14059"},"modified":"2025-05-19T16:43:32","modified_gmt":"2025-05-19T14:43:32","slug":"location","status":"publish","type":"page","link":"https:\/\/lecasierfrancais.es\/index.php\/location\/","title":{"rendered":"Location"},"content":{"rendered":"[vc_row type=\u00a0\u00bbin_container\u00a0\u00bb full_screen_row_position=\u00a0\u00bbmiddle\u00a0\u00bb scene_position=\u00a0\u00bbcenter\u00a0\u00bb text_color=\u00a0\u00bbdark\u00a0\u00bb text_align=\u00a0\u00bbleft\u00a0\u00bb overlay_strength=\u00a0\u00bb0.3&Prime; shape_divider_position=\u00a0\u00bbbottom\u00a0\u00bb][vc_column centered_text=\u00a0\u00bbtrue\u00a0\u00bb column_padding=\u00a0\u00bbno-extra-padding\u00a0\u00bb column_padding_position=\u00a0\u00bball\u00a0\u00bb background_color_opacity=\u00a0\u00bb1&Prime; background_hover_color_opacity=\u00a0\u00bb1&Prime; column_shadow=\u00a0\u00bbnone\u00a0\u00bb column_border_radius=\u00a0\u00bbnone\u00a0\u00bb width=\u00a0\u00bb1\/1&Prime; tablet_text_alignment=\u00a0\u00bbdefault\u00a0\u00bb phone_text_alignment=\u00a0\u00bbdefault\u00a0\u00bb column_border_width=\u00a0\u00bbnone\u00a0\u00bb column_border_style=\u00a0\u00bbsolid\u00a0\u00bb][vc_column_text]\n<h1 style=\"text-align: center;\">Louer un distributeur automatique :<br \/>\nboostez vos ventes 24\/7<\/h1>\n[\/vc_column_text]<div class=\"divider-wrap\"><div style=\"height: 30px;\" class=\"divider\"><\/div><\/div><div class=\"divider-wrap\"><div style=\"margin-top: 12px; width: 20%px; height: 3px; margin-bottom: 12px;\" data-width=\"20%\" data-animate=\"\" data-animation-delay=\"\" data-color=\"accent-color\" class=\"divider-small-border\"><\/div><\/div>[\/vc_column][\/vc_row][vc_row type=\u00a0\u00bbin_container\u00a0\u00bb full_screen_row_position=\u00a0\u00bbmiddle\u00a0\u00bb equal_height=\u00a0\u00bbyes\u00a0\u00bb scene_position=\u00a0\u00bbcenter\u00a0\u00bb text_color=\u00a0\u00bbdark\u00a0\u00bb text_align=\u00a0\u00bbleft\u00a0\u00bb bottom_padding=\u00a0\u00bb3%\u00a0\u00bb overlay_strength=\u00a0\u00bb0.3&Prime; shape_divider_position=\u00a0\u00bbbottom\u00a0\u00bb shape_type=\u00a0\u00bb\u00a0\u00bb][vc_column centered_text=\u00a0\u00bbtrue\u00a0\u00bb column_padding=\u00a0\u00bbno-extra-padding\u00a0\u00bb column_padding_position=\u00a0\u00bball\u00a0\u00bb background_color_opacity=\u00a0\u00bb1&Prime; background_hover_color_opacity=\u00a0\u00bb1&Prime; column_shadow=\u00a0\u00bbnone\u00a0\u00bb column_border_radius=\u00a0\u00bb20px\u00a0\u00bb width=\u00a0\u00bb1\/2&Prime; tablet_text_alignment=\u00a0\u00bbdefault\u00a0\u00bb phone_text_alignment=\u00a0\u00bbdefault\u00a0\u00bb column_border_width=\u00a0\u00bbnone\u00a0\u00bb column_border_color=\u00a0\u00bb#f9f9f9&Prime;]<div class=\"img-with-aniamtion-wrap center\" data-max-width=\"100%\" data-border-radius=\"20px\"><div class=\"inner\"><img decoding=\"async\" data-shadow=\"none\" data-shadow-direction=\"middle\" class=\"img-with-animation \" data-delay=\"0\" height=\"456\" width=\"600\" data-animation=\"fade-in\" src=\"https:\/\/lecasierfrancais.es\/wp-content\/uploads\/2024\/10\/IMG-20240907-WA0008-e1729775152550.jpg\"  alt=\"consigne connect\u00e9\" \/><\/div><\/div><div class=\"divider-wrap\"><div style=\"height: 30px;\" class=\"divider\"><\/div><\/div><div class=\"img-with-aniamtion-wrap center\" data-max-width=\"100%\" data-border-radius=\"20px\"><div class=\"inner\"><img decoding=\"async\" data-shadow=\"none\" data-shadow-direction=\"middle\" class=\"img-with-animation \" data-delay=\"0\" height=\"1561\" width=\"1080\" data-animation=\"fade-in\" src=\"https:\/\/lecasierfrancais.es\/wp-content\/uploads\/2025\/02\/TERFERME.jpg\" srcset=\"https:\/\/lecasierfrancais.es\/wp-content\/uploads\/2025\/02\/TERFERME.jpg 1080w, https:\/\/lecasierfrancais.es\/wp-content\/uploads\/2025\/02\/TERFERME-208x300.jpg 208w, https:\/\/lecasierfrancais.es\/wp-content\/uploads\/2025\/02\/TERFERME-708x1024.jpg 708w, https:\/\/lecasierfrancais.es\/wp-content\/uploads\/2025\/02\/TERFERME-768x1110.jpg 768w, https:\/\/lecasierfrancais.es\/wp-content\/uploads\/2025\/02\/TERFERME-1063x1536.jpg 1063w, https:\/\/lecasierfrancais.es\/wp-content\/uploads\/2025\/02\/TERFERME-200x289.jpg 200w\" sizes=\"100vw\" alt=\"Casiers fermiers Terferme Terdeghem\" \/><\/div><\/div>[\/vc_column][vc_column column_padding=\u00a0\u00bbpadding-3-percent\u00a0\u00bb column_padding_position=\u00a0\u00bball\u00a0\u00bb background_color_opacity=\u00a0\u00bb1&Prime; background_hover_color_opacity=\u00a0\u00bb1&Prime; column_shadow=\u00a0\u00bbnone\u00a0\u00bb column_border_radius=\u00a0\u00bbnone\u00a0\u00bb width=\u00a0\u00bb1\/2&Prime; tablet_text_alignment=\u00a0\u00bbdefault\u00a0\u00bb phone_text_alignment=\u00a0\u00bbdefault\u00a0\u00bb column_border_width=\u00a0\u00bbnone\u00a0\u00bb column_border_style=\u00a0\u00bbsolid\u00a0\u00bb][vc_column_text]\n<h2><span style=\"color: #64ba86; font-size: 20px;\"><strong>Une solution simple et efficace<\/strong><\/span><\/h2>\n[\/vc_column_text][vc_column_text]\n<p style=\"text-align: justify;\"><span style=\"font-weight: 400;\">Gagnez du temps et augmentez vos ventes gr\u00e2ce \u00e0 la location d\u2019un distributeur automatique ! Chez Le Casier Fran\u00e7ais, nous aidons les artisans, producteurs et commer\u00e7ants \u00e0 proposer leurs produits en libre-service, sans contrainte de gestion. Gr\u00e2ce \u00e0 notre solution cl\u00e9 en main, louez un distributeur automatique sans engagement d&rsquo;achat et assurez une disponibilit\u00e9 24h\/24 et 7j\/7, en toute s\u00e9r\u00e9nit\u00e9.<\/span><\/p>\n<p style=\"text-align: justify;\"><span style=\"font-weight: 400;\">Notre solution cl\u00e9 en main vous permet d\u2019acc\u00e9der \u00e0 un outil moderne et flexible, sans avoir \u00e0 r\u00e9aliser un investissement initial important. Nous mettons \u00e0 votre disposition des distributeurs adapt\u00e9s \u00e0 tous types de produits : alimentaires, frais, surgel\u00e9s ou secs, avec des configurations sur-mesure selon vos besoins.<\/span><\/p>\n[\/vc_column_text]<div class=\"divider-wrap\"><div style=\"height: 20px;\" class=\"divider\"><\/div><\/div>[vc_column_text]\n<h2><span style=\"color: #64ba86; font-size: 20px;\"><strong>Une solution cl\u00e9 en main et adapt\u00e9e \u00e0 votre activit\u00e9<\/strong><\/span><\/h2>\n[\/vc_column_text][vc_column_text]\n<p style=\"text-align: justify;\"><span style=\"font-weight: 400;\">Nos distributeurs automatiques, \u00e9galement appel\u00e9s <\/span><a href=\"https:\/\/lecasierfrancais.es\/index.php\/nos-solutions-modulables\/nos-produits\/\"><span style=\"font-weight: 400;\">casiers connect\u00e9s<\/span><\/a><span style=\"font-weight: 400;\">, sont modulables et personnalisables pour r\u00e9pondre aux exigences de votre m\u00e9tier :<\/span><\/p>\n<ul style=\"text-align: justify;\">\n<li style=\"font-weight: 400;\" aria-level=\"1\"><b>Distributeurs temp\u00e9r\u00e9s<\/b><span style=\"font-weight: 400;\"> : parfaits pour la boulangerie, l\u2019\u00e9picerie et les produits secs.<\/span><\/li>\n<li style=\"font-weight: 400;\" aria-level=\"1\"><b>Distributeurs r\u00e9frig\u00e9r\u00e9s<\/b><span style=\"font-weight: 400;\"> : parfaits pour la conservation des fruits et l\u00e9gumes, plats pr\u00e9par\u00e9s ou produits laitiers.<\/span><\/li>\n<li style=\"font-weight: 400;\" aria-level=\"1\"><b>Distributeurs congel\u00e9s<\/b><span style=\"font-weight: 400;\"> : con\u00e7us pour la vente de produits surgel\u00e9s avec une conservation optimale.<\/span><\/li>\n<\/ul>\n<p style=\"text-align: justify;\"><span style=\"font-weight: 400;\">Notre interface intuitive vous permet de suivre vos ventes en temps r\u00e9el, d\u2019optimiser la gestion de vos stocks et de contr\u00f4ler chaque casier connect\u00e9 \u00e0 distance, assurant ainsi une gestion fluide et automatis\u00e9e. Nos distributeurs sont \u00e9quip\u00e9s des derni\u00e8res innovations technologiques pour garantir une utilisation fluide et efficace.<\/span><\/p>\n<p style=\"text-align: justify;\"><span style=\"font-weight: 400;\">En plus de la mise \u00e0 disposition du mat\u00e9riel, nous vous proposons :<\/span><\/p>\n<ul>\n<li style=\"font-weight: 400; text-align: justify;\" aria-level=\"1\"><span style=\"font-weight: 400;\">Une installation rapide et un accompagnement personnalis\u00e9<\/span><\/li>\n<li style=\"font-weight: 400; text-align: justify;\" aria-level=\"1\"><span style=\"font-weight: 400;\">Un service de maintenance et une assistance technique inclus<\/span><\/li>\n<li style=\"font-weight: 400; text-align: justify;\" aria-level=\"1\"><span style=\"font-weight: 400;\">Une <\/span><a href=\"https:\/\/lecasierfrancais.es\/index.php\/la-personnalisation\/\"><span style=\"font-weight: 400;\">personnalisation compl\u00e8te de votre distributeur<\/span><\/a><span style=\"font-weight: 400;\"> (design, fonctionnalit\u00e9s, modes de paiement, etc.)<\/span><\/li>\n<\/ul>\n[\/vc_column_text]<div class=\"divider-wrap\"><div style=\"height: 20px;\" class=\"divider\"><\/div><\/div>[nectar_btn size=\u00a0\u00bblarge\u00a0\u00bb button_style=\u00a0\u00bbregular\u00a0\u00bb button_color_2=\u00a0\u00bbAccent-Color\u00a0\u00bb icon_family=\u00a0\u00bbnone\u00a0\u00bb url=\u00a0\u00bbhttps:\/\/lecasierfrancais.es\/index.php\/nos-solutions-modulables\/nos-produits\/\u00a0\u00bb text=\u00a0\u00bbJE D\u00c9COUVRE MON CASIER\u00a0\u00bb][\/vc_column][vc_column column_padding=\u00a0\u00bbno-extra-padding\u00a0\u00bb column_padding_position=\u00a0\u00bball\u00a0\u00bb background_color_opacity=\u00a0\u00bb1&Prime; background_hover_color_opacity=\u00a0\u00bb1&Prime; column_shadow=\u00a0\u00bbnone\u00a0\u00bb column_border_radius=\u00a0\u00bbnone\u00a0\u00bb width=\u00a0\u00bb1\/1&Prime; tablet_text_alignment=\u00a0\u00bbdefault\u00a0\u00bb phone_text_alignment=\u00a0\u00bbdefault\u00a0\u00bb column_border_width=\u00a0\u00bbnone\u00a0\u00bb column_border_style=\u00a0\u00bbsolid\u00a0\u00bb][\/vc_column][\/vc_row][vc_row type=\u00a0\u00bbin_container\u00a0\u00bb full_screen_row_position=\u00a0\u00bbmiddle\u00a0\u00bb equal_height=\u00a0\u00bbyes\u00a0\u00bb scene_position=\u00a0\u00bbcenter\u00a0\u00bb text_color=\u00a0\u00bbdark\u00a0\u00bb text_align=\u00a0\u00bbleft\u00a0\u00bb bottom_padding=\u00a0\u00bb3%\u00a0\u00bb overlay_strength=\u00a0\u00bb0.3&Prime; shape_divider_position=\u00a0\u00bbbottom\u00a0\u00bb shape_type=\u00a0\u00bb\u00a0\u00bb][vc_column centered_text=\u00a0\u00bbtrue\u00a0\u00bb column_padding=\u00a0\u00bbno-extra-padding\u00a0\u00bb column_padding_position=\u00a0\u00bball\u00a0\u00bb background_color_opacity=\u00a0\u00bb1&Prime; background_hover_color_opacity=\u00a0\u00bb1&Prime; column_shadow=\u00a0\u00bbnone\u00a0\u00bb column_border_radius=\u00a0\u00bb20px\u00a0\u00bb width=\u00a0\u00bb1\/2&Prime; tablet_text_alignment=\u00a0\u00bbdefault\u00a0\u00bb phone_text_alignment=\u00a0\u00bbdefault\u00a0\u00bb column_border_width=\u00a0\u00bbnone\u00a0\u00bb column_border_color=\u00a0\u00bb#f9f9f9&Prime;]<div class=\"img-with-aniamtion-wrap center\" data-max-width=\"100%\" data-border-radius=\"20px\"><div class=\"inner\"><img decoding=\"async\" data-shadow=\"none\" data-shadow-direction=\"middle\" class=\"img-with-animation \" data-delay=\"0\" height=\"1333\" width=\"2000\" data-animation=\"fade-in\" src=\"https:\/\/lecasierfrancais.es\/wp-content\/uploads\/2024\/09\/IMG_6421.jpg\" srcset=\"https:\/\/lecasierfrancais.es\/wp-content\/uploads\/2024\/09\/IMG_6421.jpg 2000w, https:\/\/lecasierfrancais.es\/wp-content\/uploads\/2024\/09\/IMG_6421-300x200.jpg 300w, https:\/\/lecasierfrancais.es\/wp-content\/uploads\/2024\/09\/IMG_6421-1024x682.jpg 1024w, https:\/\/lecasierfrancais.es\/wp-content\/uploads\/2024\/09\/IMG_6421-768x512.jpg 768w, https:\/\/lecasierfrancais.es\/wp-content\/uploads\/2024\/09\/IMG_6421-1536x1024.jpg 1536w, https:\/\/lecasierfrancais.es\/wp-content\/uploads\/2024\/09\/IMG_6421-900x600.jpg 900w, https:\/\/lecasierfrancais.es\/wp-content\/uploads\/2024\/09\/IMG_6421-200x133.jpg 200w\" sizes=\"100vw\" alt=\"Enseigne d'un client Le Casier Fran\u00e7ais proposant la vente en libre-service de plats traiteur\" \/><\/div><\/div><div class=\"divider-wrap\"><div style=\"height: 50px;\" class=\"divider\"><\/div><\/div><div class=\"img-with-aniamtion-wrap center\" data-max-width=\"100%\" data-border-radius=\"20px\"><div class=\"inner\"><img decoding=\"async\" data-shadow=\"none\" data-shadow-direction=\"middle\" class=\"img-with-animation \" data-delay=\"0\" height=\"1600\" width=\"1200\" data-animation=\"fade-in\" src=\"https:\/\/lecasierfrancais.es\/wp-content\/uploads\/2024\/03\/IMG-20240226-WA0013-1.jpg\" srcset=\"https:\/\/lecasierfrancais.es\/wp-content\/uploads\/2024\/03\/IMG-20240226-WA0013-1.jpg 1200w, https:\/\/lecasierfrancais.es\/wp-content\/uploads\/2024\/03\/IMG-20240226-WA0013-1-225x300.jpg 225w, https:\/\/lecasierfrancais.es\/wp-content\/uploads\/2024\/03\/IMG-20240226-WA0013-1-768x1024.jpg 768w, https:\/\/lecasierfrancais.es\/wp-content\/uploads\/2024\/03\/IMG-20240226-WA0013-1-1152x1536.jpg 1152w\" sizes=\"100vw\" alt=\"Stand du Casier Fran\u00e7ais au Salon de l'Agriculture\" \/><\/div><\/div>[\/vc_column][vc_column column_padding=\u00a0\u00bbpadding-3-percent\u00a0\u00bb column_padding_position=\u00a0\u00bball\u00a0\u00bb background_color_opacity=\u00a0\u00bb1&Prime; background_hover_color_opacity=\u00a0\u00bb1&Prime; column_shadow=\u00a0\u00bbnone\u00a0\u00bb column_border_radius=\u00a0\u00bbnone\u00a0\u00bb width=\u00a0\u00bb1\/2&Prime; tablet_text_alignment=\u00a0\u00bbdefault\u00a0\u00bb phone_text_alignment=\u00a0\u00bbdefault\u00a0\u00bb column_border_width=\u00a0\u00bbnone\u00a0\u00bb column_border_style=\u00a0\u00bbsolid\u00a0\u00bb][vc_column_text]\n<h2><span style=\"color: #64ba86; font-size: 20px;\"><strong>Les avantages de la location d&rsquo;un distributeur automatique<\/strong><\/span><\/h2>\n[\/vc_column_text][vc_column_text]\n<p style=\"text-align: justify;\"><span style=\"font-weight: 400;\">Opter pour la location d\u2019un distributeur automatique, c\u2019est b\u00e9n\u00e9ficier d\u2019une solution flexible et \u00e9conomique qui s\u2019adapte \u00e0 l\u2019\u00e9volution de votre activit\u00e9. Voici pourquoi nos clients choisissent cette option :<\/span><\/p>\n<p style=\"text-align: justify;\"><b>\u2705 <\/b><b>Testez votre march\u00e9 sans risque <\/b><span style=\"font-weight: 400;\">: louez un distributeur et \u00e9valuez son impact avant de vous engager.<\/span><\/p>\n<p style=\"text-align: justify;\"><b>\u2705\u00a0 <\/b><b>Un co\u00fbt ma\u00eetris<\/b><span style=\"font-weight: 400;\"><strong>\u00e9<\/strong> : les mensualit\u00e9s s\u2019int\u00e8grent \u00e0 vos charges de fonctionnement, sans investissement lourd.<\/span><\/p>\n<p style=\"text-align: justify;\"><b>\u2705\u00a0 <\/b><b>Flexibilit\u00e9 et \u00e9volutivit\u00e9 <\/b><span style=\"font-weight: 400;\">: adaptez votre installation \u00e0 vos besoins et d\u00e9veloppez votre r\u00e9seau facilement.<\/span><\/p>\n<p style=\"text-align: justify;\"><b>\u2705\u00a0 <\/b><b>Maintenance<\/b><span style=\"font-weight: 400;\">\u00a0: profitez d\u2019un service cl\u00e9 en main avec assistance technique.<\/span><\/p>\n<p style=\"text-align: justify;\"><b>\u2705 <\/b><b>Rentabilit\u00e9 imm\u00e9diate <\/b><span style=\"font-weight: 400;\">: commencez \u00e0 g\u00e9n\u00e9rer du chiffre d\u2019affaires d\u00e8s la mise en service.<\/span><\/p>\n[\/vc_column_text]<div class=\"divider-wrap\"><div style=\"height: 20px;\" class=\"divider\"><\/div><\/div>[vc_column_text]\n<h2><span style=\"color: #64ba86; font-size: 20px;\"><strong>Location ou achat : quelle solution est faite pour vous ?<\/strong><\/span><\/h2>\n[\/vc_column_text][vc_column_text]\n<p style=\"text-align: justify;\"><span style=\"font-weight: 400;\">Vous h\u00e9sitez entre acheter ou louer un distributeur automatique ? Voici un comparatif pour vous aider \u00e0 choisir la meilleure option en fonction de votre activit\u00e9 et de vos objectifs.<\/span><\/p>\n<table>\n<tbody>\n<tr style=\"background-color: #64ba86; color: white;\">\n<td style=\"text-align: center;\"><b>Crit\u00e8res<\/b><\/td>\n<td style=\"text-align: center;\"><b>Location<\/b><\/td>\n<td style=\"text-align: center;\"><b>Achat<\/b><\/td>\n<\/tr>\n<tr>\n<td style=\"background-color: #64ba86; color: white;\"><b>Co\u00fbt initial<\/b><\/td>\n<td>Aucun investissement de d\u00e9part, paiement en mensualit\u00e9s<\/td>\n<td>Investissement unique, rapidement amorti<\/td>\n<\/tr>\n<tr>\n<td style=\"background-color: #64ba86; color: white;\"><b>Rentabilit\u00e9<\/b><\/td>\n<td>G\u00e9n\u00e9ration de chiffre d\u2019affaires imm\u00e9diate avec un co\u00fbt ma\u00eetris\u00e9<\/td>\n<td>100 % des b\u00e9n\u00e9fices pour vous apr\u00e8s amortissement<\/td>\n<\/tr>\n<tr>\n<td style=\"background-color: #64ba86; color: white;\"><b>Engagement<\/b><\/td>\n<td>Libert\u00e9 totale : adaptez ou stoppez selon vos besoins<\/td>\n<td>Propri\u00e9t\u00e9 compl\u00e8te, aucune contrainte externe<\/td>\n<\/tr>\n<tr>\n<td style=\"background-color: #64ba86; color: white;\"><b>\u00c9volutivit\u00e9<\/b><\/td>\n<td>Possibilit\u00e9 de changer de mod\u00e8le ou d\u2019ajouter des distributeurs selon votre activit\u00e9<\/td>\n<td>Expansion illimit\u00e9e et enti\u00e8rement personnalisable<\/td>\n<\/tr>\n<tr>\n<td style=\"background-color: #64ba86; color: white;\"><b>Aides financi\u00e8res<\/b><\/td>\n<td>Accessible imm\u00e9diatement sans apport n\u00e9cessaire<\/td>\n<td>\u00c9ligible aux subventions et aides \u00e0 l\u2019investissement<\/td>\n<\/tr>\n<tr>\n<td style=\"background-color: #64ba86; color: white;\"><b>Maintenance<\/b><\/td>\n<td>Entretien et assistance inclus, tranquillit\u00e9 garantie<\/td>\n<td>\u00c0 votre charge, mais adaptable \u00e0 votre budget et vos besoins<\/td>\n<\/tr>\n<\/tbody>\n<\/table>\n<p style=\"text-align: justify;\"><span style=\"font-weight: 400;\">Ne passez plus \u00e0 c\u00f4t\u00e9 de ventes potentielles ! Contactez-nous d\u00e8s aujourd\u2019hui pour louer votre distributeur et booster votre activit\u00e9 en toute simplicit\u00e9.<\/span><\/p>\n<p style=\"text-align: justify;\"><b>Demandez votre devis gratuit et boostez vos ventes avec Le Casier Fran\u00e7ais !<\/b><\/p>\n[\/vc_column_text]<div class=\"divider-wrap\"><div style=\"height: 20px;\" class=\"divider\"><\/div><\/div>[nectar_btn size=\u00a0\u00bblarge\u00a0\u00bb button_style=\u00a0\u00bbregular\u00a0\u00bb button_color_2=\u00a0\u00bbAccent-Color\u00a0\u00bb icon_family=\u00a0\u00bbnone\u00a0\u00bb url=\u00a0\u00bbhttps:\/\/lecasierfrancais.es\/index.php\/contact-le-casier-francais\/\u00a0\u00bb text=\u00a0\u00bbJE DEMANDE MON DEVIS\u00a0\u00bb][\/vc_column][\/vc_row]\n","protected":false},"excerpt":{"rendered":"<p>[vc_row type=\u00a0\u00bbin_container\u00a0\u00bb full_screen_row_position=\u00a0\u00bbmiddle\u00a0\u00bb scene_position=\u00a0\u00bbcenter\u00a0\u00bb text_color=\u00a0\u00bbdark\u00a0\u00bb text_align=\u00a0\u00bbleft\u00a0\u00bb overlay_strength=\u00a0\u00bb0.3&Prime; shape_divider_position=\u00a0\u00bbbottom\u00a0\u00bb][vc_column centered_text=\u00a0\u00bbtrue\u00a0\u00bb column_padding=\u00a0\u00bbno-extra-padding\u00a0\u00bb column_padding_position=\u00a0\u00bball\u00a0\u00bb background_color_opacity=\u00a0\u00bb1&Prime; background_hover_color_opacity=\u00a0\u00bb1&Prime; column_shadow=\u00a0\u00bbnone\u00a0\u00bb column_border_radius=\u00a0\u00bbnone\u00a0\u00bb&#8230;<\/p>\n","protected":false},"author":4,"featured_media":0,"parent":0,"menu_order":0,"comment_status":"closed","ping_status":"closed","template":"","meta":{"footnotes":""},"class_list":["post-14059","page","type-page","status-publish"],"yoast_head":"<!-- This site is optimized with the Yoast SEO Premium plugin v26.1 (Yoast SEO v26.1.1) - https:\/\/yoast.com\/wordpress\/plugins\/seo\/ -->\n<title>Louer distributeur automatique : boostez vos ventes sans contrainte avec la location de votre casier<\/title>\n<meta name=\"description\" content=\"Un service 100% Le Casier Fran\u00e7ais qui permet \u00e0 votre commerce en libre-service d&#039;\u00eatre visible et reconnaissable en un coup d&#039;\u0153il !\" \/>\n<meta name=\"robots\" content=\"index, follow, max-snippet:-1, max-image-preview:large, max-video-preview:-1\" \/>\n<link rel=\"canonical\" href=\"https:\/\/lecasierfrancais.es\/index.php\/location\/\" \/>\n<meta property=\"og:locale\" content=\"fr_FR\" \/>\n<meta property=\"og:type\" content=\"article\" \/>\n<meta property=\"og:title\" content=\"Location\" \/>\n<meta property=\"og:description\" content=\"Un service 100% Le Casier Fran\u00e7ais qui permet \u00e0 votre commerce en libre-service d&#039;\u00eatre visible et reconnaissable en un coup d&#039;\u0153il !\" \/>\n<meta property=\"og:url\" content=\"https:\/\/lecasierfrancais.es\/index.php\/location\/\" \/>\n<meta property=\"og:site_name\" content=\"Le Casier Fran\u00e7ais\" \/>\n<meta property=\"article:publisher\" content=\"https:\/\/www.facebook.com\/lecasierfrancais\/\" \/>\n<meta property=\"article:modified_time\" content=\"2025-05-19T14:43:32+00:00\" \/>\n<meta name=\"twitter:card\" content=\"summary_large_image\" \/>\n<meta name=\"twitter:label1\" content=\"Dur\u00e9e de lecture estim\u00e9e\" \/>\n\t<meta name=\"twitter:data1\" content=\"4 minutes\" \/>\n<script type=\"application\/ld+json\" class=\"yoast-schema-graph\">{\"@context\":\"https:\/\/schema.org\",\"@graph\":[{\"@type\":\"WebPage\",\"@id\":\"https:\/\/lecasierfrancais.es\/index.php\/location\/\",\"url\":\"https:\/\/lecasierfrancais.es\/index.php\/location\/\",\"name\":\"Louer distributeur automatique : boostez vos ventes sans contrainte avec la location de votre casier\",\"isPartOf\":{\"@id\":\"https:\/\/lecasierfrancais.es\/#website\"},\"datePublished\":\"2025-03-18T13:40:21+00:00\",\"dateModified\":\"2025-05-19T14:43:32+00:00\",\"description\":\"Un service 100% Le Casier Fran\u00e7ais qui permet \u00e0 votre commerce en libre-service d'\u00eatre visible et reconnaissable en un coup d'\u0153il !\",\"breadcrumb\":{\"@id\":\"https:\/\/lecasierfrancais.es\/index.php\/location\/#breadcrumb\"},\"inLanguage\":\"fr-FR\",\"potentialAction\":[{\"@type\":\"ReadAction\",\"target\":[\"https:\/\/lecasierfrancais.es\/index.php\/location\/\"]}]},{\"@type\":\"BreadcrumbList\",\"@id\":\"https:\/\/lecasierfrancais.es\/index.php\/location\/#breadcrumb\",\"itemListElement\":[{\"@type\":\"ListItem\",\"position\":1,\"name\":\"Accueil\",\"item\":\"https:\/\/lecasierfrancais.es\/\"},{\"@type\":\"ListItem\",\"position\":2,\"name\":\"Location\"}]},{\"@type\":\"WebSite\",\"@id\":\"https:\/\/lecasierfrancais.es\/#website\",\"url\":\"https:\/\/lecasierfrancais.es\/\",\"name\":\"Le Casier Fran\u00e7ais\",\"description\":\"\",\"potentialAction\":[{\"@type\":\"SearchAction\",\"target\":{\"@type\":\"EntryPoint\",\"urlTemplate\":\"https:\/\/lecasierfrancais.es\/?s={search_term_string}\"},\"query-input\":{\"@type\":\"PropertyValueSpecification\",\"valueRequired\":true,\"valueName\":\"search_term_string\"}}],\"inLanguage\":\"fr-FR\"}]}<\/script>\n<!-- \/ Yoast SEO Premium plugin. -->","yoast_head_json":{"title":"Louer distributeur automatique : boostez vos ventes sans contrainte avec la location de votre casier","description":"Un service 100% Le Casier Fran\u00e7ais qui permet \u00e0 votre commerce en libre-service d'\u00eatre visible et reconnaissable en un coup d'\u0153il !","robots":{"index":"index","follow":"follow","max-snippet":"max-snippet:-1","max-image-preview":"max-image-preview:large","max-video-preview":"max-video-preview:-1"},"canonical":"https:\/\/lecasierfrancais.es\/index.php\/location\/","og_locale":"fr_FR","og_type":"article","og_title":"Location","og_description":"Un service 100% Le Casier Fran\u00e7ais qui permet \u00e0 votre commerce en libre-service d'\u00eatre visible et reconnaissable en un coup d'\u0153il !","og_url":"https:\/\/lecasierfrancais.es\/index.php\/location\/","og_site_name":"Le Casier Fran\u00e7ais","article_publisher":"https:\/\/www.facebook.com\/lecasierfrancais\/","article_modified_time":"2025-05-19T14:43:32+00:00","twitter_card":"summary_large_image","twitter_misc":{"Dur\u00e9e de lecture estim\u00e9e":"4 minutes"},"schema":{"@context":"https:\/\/schema.org","@graph":[{"@type":"WebPage","@id":"https:\/\/lecasierfrancais.es\/index.php\/location\/","url":"https:\/\/lecasierfrancais.es\/index.php\/location\/","name":"Louer distributeur automatique : boostez vos ventes sans contrainte avec la location de votre casier","isPartOf":{"@id":"https:\/\/lecasierfrancais.es\/#website"},"datePublished":"2025-03-18T13:40:21+00:00","dateModified":"2025-05-19T14:43:32+00:00","description":"Un service 100% Le Casier Fran\u00e7ais qui permet \u00e0 votre commerce en libre-service d'\u00eatre visible et reconnaissable en un coup d'\u0153il !","breadcrumb":{"@id":"https:\/\/lecasierfrancais.es\/index.php\/location\/#breadcrumb"},"inLanguage":"fr-FR","potentialAction":[{"@type":"ReadAction","target":["https:\/\/lecasierfrancais.es\/index.php\/location\/"]}]},{"@type":"BreadcrumbList","@id":"https:\/\/lecasierfrancais.es\/index.php\/location\/#breadcrumb","itemListElement":[{"@type":"ListItem","position":1,"name":"Accueil","item":"https:\/\/lecasierfrancais.es\/"},{"@type":"ListItem","position":2,"name":"Location"}]},{"@type":"WebSite","@id":"https:\/\/lecasierfrancais.es\/#website","url":"https:\/\/lecasierfrancais.es\/","name":"Le Casier Fran\u00e7ais","description":"","potentialAction":[{"@type":"SearchAction","target":{"@type":"EntryPoint","urlTemplate":"https:\/\/lecasierfrancais.es\/?s={search_term_string}"},"query-input":{"@type":"PropertyValueSpecification","valueRequired":true,"valueName":"search_term_string"}}],"inLanguage":"fr-FR"}]}},"_links":{"self":[{"href":"https:\/\/lecasierfrancais.es\/index.php\/wp-json\/wp\/v2\/pages\/14059","targetHints":{"allow":["GET"]}}],"collection":[{"href":"https:\/\/lecasierfrancais.es\/index.php\/wp-json\/wp\/v2\/pages"}],"about":[{"href":"https:\/\/lecasierfrancais.es\/index.php\/wp-json\/wp\/v2\/types\/page"}],"author":[{"embeddable":true,"href":"https:\/\/lecasierfrancais.es\/index.php\/wp-json\/wp\/v2\/users\/4"}],"replies":[{"embeddable":true,"href":"https:\/\/lecasierfrancais.es\/index.php\/wp-json\/wp\/v2\/comments?post=14059"}],"version-history":[{"count":60,"href":"https:\/\/lecasierfrancais.es\/index.php\/wp-json\/wp\/v2\/pages\/14059\/revisions"}],"predecessor-version":[{"id":15044,"href":"https:\/\/lecasierfrancais.es\/index.php\/wp-json\/wp\/v2\/pages\/14059\/revisions\/15044"}],"wp:attachment":[{"href":"https:\/\/lecasierfrancais.es\/index.php\/wp-json\/wp\/v2\/media?parent=14059"}],"curies":[{"name":"wp","href":"https:\/\/api.w.org\/{rel}","templated":true}]}}